{"id":2617,"date":"2020-09-24T11:36:37","date_gmt":"2020-09-24T09:36:37","guid":{"rendered":"https:\/\/phaedon.exocod.dev\/antigua-mise-en-avant\/"},"modified":"2020-10-13T17:16:55","modified_gmt":"2020-10-13T15:16:55","slug":"antigua-mise-en-avant","status":"publish","type":"page","link":"https:\/\/phaedonparis.com\/en\/antigua-mise-en-avant\/","title":{"rendered":"Antigua &#8211; Highlight"},"content":{"rendered":"<p>[vc_row full_width=&#8221;stretch_row_content_no_spaces&#8221; css=&#8221;.vc_custom_1602601831995{margin-bottom: 70px !important;}&#8221;][vc_column]<div class=\"full-width symbol-up symbol-down\">\n  <img loading=\"lazy\" decoding=\"async\" width=\"1900\" height=\"870\" src=\"https:\/\/phaedonparis.com\/app\/uploads\/2020\/09\/PHAEDON_1900_CATEGORIES-2-1.jpg\" class=\"img-fluid-real\" alt=\"\" srcset=\"https:\/\/phaedonparis.com\/app\/uploads\/2020\/09\/PHAEDON_1900_CATEGORIES-2-1.jpg 1900w, https:\/\/phaedonparis.com\/app\/uploads\/2020\/09\/PHAEDON_1900_CATEGORIES-2-1-300x137.jpg 300w, https:\/\/phaedonparis.com\/app\/uploads\/2020\/09\/PHAEDON_1900_CATEGORIES-2-1-1024x469.jpg 1024w, https:\/\/phaedonparis.com\/app\/uploads\/2020\/09\/PHAEDON_1900_CATEGORIES-2-1-768x352.jpg 768w, https:\/\/phaedonparis.com\/app\/uploads\/2020\/09\/PHAEDON_1900_CATEGORIES-2-1-1536x703.jpg 1536w, https:\/\/phaedonparis.com\/app\/uploads\/2020\/09\/PHAEDON_1900_CATEGORIES-2-1-125x57.jpg 125w, https:\/\/phaedonparis.com\/app\/uploads\/2020\/09\/PHAEDON_1900_CATEGORIES-2-1-600x275.jpg 600w, https:\/\/phaedonparis.com\/app\/uploads\/2020\/09\/PHAEDON_1900_CATEGORIES-2-1-64x29.jpg 64w\" sizes=\"auto, (max-width: 1900px) 100vw, 1900px\" \/>\n<\/div>\n[\/vc_column][\/vc_row][vc_row css=&#8221;.vc_custom_1600341046541{margin-bottom: 70px !important;}&#8221;][vc_column]<div class=\"pg-title  text-center\">\n        <h2 style=\"font-size: 58px\" class=\"font-extrabold\">Antigua<\/h2>\n          <div class=\"title__subtitle \" style=\"font-size: 42px\">\n        An intense and unclassifiable invitation... to discover!\n      <\/div>\n      <\/div>\n\n[\/vc_column][\/vc_row][vc_row full_width=&#8221;stretch_row&#8221; css=&#8221;.vc_custom_1600773716866{padding-top: 50px !important;padding-bottom: 70px !important;background-color: #c4b29e !important;}&#8221;][vc_column][vc_column_text css_animation=&#8221;fadeInUp&#8221;]<\/p>\n<h3 style=\"text-align: center;\"><span style=\"font-size: 68pt;\">\u201c<\/span><\/h3>\n<h3 style=\"text-align: center;\"><span style=\"font-size: 30pt;\"><em><strong>Le soleil ext\u00e9rieur<br \/>\na soif du soleil int\u00e9reur.<br \/>\n<\/strong><\/em><\/span><span style=\"font-size: 30pt;\"><em><span style=\"color: black; font-size: medium;\"><strong>J. B\u00f6hme<\/strong><\/span><\/em><\/span><strong><span style=\"font-size: 30pt;\"><i><br \/>\n<\/i><\/span><\/strong><\/h3>\n<p>[\/vc_column_text][\/vc_column][\/vc_row][vc_row full_width=&#8221;stretch_row&#8221; content_placement=&#8221;middle&#8221; css=&#8221;.vc_custom_1600853873193{margin-top: 50px !important;margin-bottom: 50px !important;}&#8221;][vc_column width=&#8221;1\/3&#8243;]<div class=\"pg-title  text-left\">\n        <h2 style=\"font-size: 34px\" class=\"font-bold\">An Eau de Parfum<br \/>\nluminous and unclassifiable...<\/h2>\n      <\/div>\n\n[vc_column_text]Fresh Oriental or fruity Cyprus, <em>\u201cAntigua\u201d<\/em> is a sparkling and luminous fragrance that is difficult to classify&#8230; Its opening is explosive: bergamot, grapefruit, essence of lime and guava, brings a new radiance and freshness. In the heart, rose essence linked to fig leaf and white peach underlines the luminous character of the fragrance. Warm and sensual, the musky and vanilla base notes slowly reveal notes of patchouli, cedar, vetiver and oak moss.[\/vc_column_text][\/vc_column][vc_column width=&#8221;2\/3&#8243;][vc_single_image image=&#8221;2220&#8243; img_size=&#8221;full&#8221; alignment=&#8221;center&#8221;][\/vc_column][\/vc_row][vc_row full_width=&#8221;stretch_row&#8221; gap=&#8221;10&#8243; content_placement=&#8221;middle&#8221; css=&#8221;.vc_custom_1600962865830{margin-top: 50px !important;margin-bottom: 50px !important;background-image: url(https:\/\/phaedonparis.com\/app\/uploads\/2020\/09\/fond_chouette-1.jpg?id=2291) !important;background-position: center !important;background-repeat: no-repeat !important;background-size: cover !important;}&#8221;][vc_column width=&#8221;1\/2&#8243;][vc_single_image image=&#8221;1698&#8243; img_size=&#8221;full&#8221;][\/vc_column][vc_column width=&#8221;1\/2&#8243;]<div class=\"pg-title  text-left\">\n        <h2 style=\"font-size: 34px\" class=\"font-bold\">Note de voyage<\/h2>\n      <\/div>\n\n[vc_column_text]<\/p>\n<div class=\"travel_content\">\n<p>Fresh Oriental or fruity Cyprus, Antigua is a sparkling and luminous fragrance that is difficult to classify&#8230; Its opening is explosive: bergamot, grapefruit, essence of lime and guava, brings a new radiance and freshness. In the heart, rose essence linked to fig leaf and white peach underlines the luminous character of the fragrance. Warm and sensual, the musky and vanilla base notes slowly reveal notes of patchouli, cedar, vetiver and oak moss.<\/p>\n<h6 class=\"m_b_d59a1 font-headline-base\" data-automation=\"ImageDetailsPage_Details\"><em>Two Tahitian Women, by Paul Gauguin, 1899 &#8211; Oil on canvas<\/em><\/h6>\n<\/div>\n<p>[\/vc_column_text][\/vc_column][\/vc_row][vc_row full_width=&#8221;stretch_row_content&#8221; content_placement=&#8221;middle&#8221; css=&#8221;.vc_custom_1600963122702{margin-top: 50px !important;margin-bottom: 50px !important;background-image: url(https:\/\/phaedonparis.com\/app\/uploads\/2020\/09\/paper.jpg?id=2020) !important;background-position: center !important;background-repeat: no-repeat !important;background-size: cover !important;}&#8221;][vc_column]<div class=\"woocommerce \"><\/div>[\/vc_column][\/vc_row][vc_row css=&#8221;.vc_custom_1602601804670{margin-bottom: 70px !important;}&#8221;][vc_column width=&#8221;1\/3&#8243;][\/vc_column][vc_column width=&#8221;1\/3&#8243;]<div class=\"text-center\">\n  <a class=\"btn btn-ph mb-5 mb-lg-3 mb-xl-0    btn-lg \" href=\"https:\/\/phaedonparis.com\/collection-parfum\/perfumes-en\/eaux-de-parfum-pheadon-paris-en\/?lang=en\">\n    Discover our Eaux de Parfum\n  <\/a>\n<\/div>\n[\/vc_column][vc_column width=&#8221;1\/3&#8243;][\/vc_column][\/vc_row]<\/p>\n","protected":false},"excerpt":{"rendered":"<p>[vc_row full_width=&#8221;stretch_row_content_no_spaces&#8221; css=&#8221;.vc_custom_1602601831995{margin-bottom: 70px !important;}&#8221;][vc_column][\/vc_column][\/vc_row][vc_row css=&#8221;.vc_custom_1600341046541{margin-bottom: 70px !important;}&#8221;][vc_column][\/vc_column][\/vc_row][vc_row full_width=&#8221;stretch_row&#8221; css=&#8221;.vc_custom_1600773716866{padding-top: 50px !important;padding-bottom: 70px !important;background-color: #c4b29e !important;}&#8221;][vc_column][vc_column_text css_animation=&#8221;fadeInUp&#8221;] \u201c Le soleil ext\u00e9rieur a soif du soleil int\u00e9reur. J. B\u00f6hme [\/vc_column_text][\/vc_column][\/vc_row][vc_row full_width=&#8221;stretch_row&#8221; content_placement=&#8221;middle&#8221; css=&#8221;.vc_custom_1600853873193{margin-top: 50px !important;margin-bottom: 50px !important;}&#8221;][vc_column width=&#8221;1\/3&#8243;][vc_column_text]Fresh Oriental or fruity Cyprus, \u201cAntigua\u201d is a sparkling and luminous fragrance that is difficult to classify&#8230; Its opening &hellip;<br \/><a href=\"https:\/\/phaedonparis.com\/en\/antigua-mise-en-avant\/\">Continued<\/a><\/p>\n","protected":false},"author":2,"featured_media":0,"parent":0,"menu_order":0,"comment_status":"closed","ping_status":"closed","template":"","meta":{"footnotes":""},"class_list":["post-2617","page","type-page","status-publish","hentry"],"acf":[],"yoast_head":"<!-- This site is optimized with the Yoast SEO plugin v24.7 - https:\/\/yoast.com\/wordpress\/plugins\/seo\/ -->\n<title>Antigua - Highlight - Phaedon Paris<\/title>\n<meta name=\"robots\" content=\"index, follow, max-snippet:-1, max-image-preview:large, max-video-preview:-1\" \/>\n<link rel=\"canonical\" href=\"https:\/\/phaedonparis.com\/en\/antigua-mise-en-avant\/\" \/>\n<meta property=\"og:locale\" content=\"en_US\" \/>\n<meta property=\"og:type\" content=\"article\" \/>\n<meta property=\"og:title\" content=\"Antigua - Highlight - Phaedon Paris\" \/>\n<meta property=\"og:description\" content=\"[vc_row full_width=&#8221;stretch_row_content_no_spaces&#8221; css=&#8221;.vc_custom_1602601831995{margin-bottom: 70px !important;}&#8221;][vc_column][\/vc_column][\/vc_row][vc_row css=&#8221;.vc_custom_1600341046541{margin-bottom: 70px !important;}&#8221;][vc_column][\/vc_column][\/vc_row][vc_row full_width=&#8221;stretch_row&#8221; css=&#8221;.vc_custom_1600773716866{padding-top: 50px !important;padding-bottom: 70px !important;background-color: #c4b29e !important;}&#8221;][vc_column][vc_column_text css_animation=&#8221;fadeInUp&#8221;] \u201c Le soleil ext\u00e9rieur a soif du soleil int\u00e9reur. J. B\u00f6hme [\/vc_column_text][\/vc_column][\/vc_row][vc_row full_width=&#8221;stretch_row&#8221; content_placement=&#8221;middle&#8221; css=&#8221;.vc_custom_1600853873193{margin-top: 50px !important;margin-bottom: 50px !important;}&#8221;][vc_column width=&#8221;1\/3&#8243;][vc_column_text]Fresh Oriental or fruity Cyprus, \u201cAntigua\u201d is a sparkling and luminous fragrance that is difficult to classify&#8230; Its opening &hellip;Continued\" \/>\n<meta property=\"og:url\" content=\"https:\/\/phaedonparis.com\/en\/antigua-mise-en-avant\/\" \/>\n<meta property=\"og:site_name\" content=\"Phaedon Paris\" \/>\n<meta property=\"article:publisher\" content=\"https:\/\/www.facebook.com\/phaedonparis\" \/>\n<meta property=\"article:modified_time\" content=\"2020-10-13T15:16:55+00:00\" \/>\n<meta name=\"twitter:card\" content=\"summary_large_image\" \/>\n<meta name=\"twitter:label1\" content=\"Est. reading time\" \/>\n\t<meta name=\"twitter:data1\" content=\"3 minutes\" \/>\n<script type=\"application\/ld+json\" class=\"yoast-schema-graph\">{\"@context\":\"https:\/\/schema.org\",\"@graph\":[{\"@type\":\"WebPage\",\"@id\":\"https:\/\/phaedonparis.com\/en\/antigua-mise-en-avant\/\",\"url\":\"https:\/\/phaedonparis.com\/en\/antigua-mise-en-avant\/\",\"name\":\"Antigua - Highlight - Phaedon Paris\",\"isPartOf\":{\"@id\":\"\/#website\"},\"datePublished\":\"2020-09-24T09:36:37+00:00\",\"dateModified\":\"2020-10-13T15:16:55+00:00\",\"breadcrumb\":{\"@id\":\"https:\/\/phaedonparis.com\/en\/antigua-mise-en-avant\/#breadcrumb\"},\"inLanguage\":\"en-US\",\"potentialAction\":[{\"@type\":\"ReadAction\",\"target\":[\"https:\/\/phaedonparis.com\/en\/antigua-mise-en-avant\/\"]}]},{\"@type\":\"BreadcrumbList\",\"@id\":\"https:\/\/phaedonparis.com\/en\/antigua-mise-en-avant\/#breadcrumb\",\"itemListElement\":[{\"@type\":\"ListItem\",\"position\":1,\"name\":\"Home\",\"item\":\"https:\/\/phaedonparis.com\/en\/\"},{\"@type\":\"ListItem\",\"position\":2,\"name\":\"Antigua &#8211; Highlight\"}]},{\"@type\":\"WebSite\",\"@id\":\"\/#website\",\"url\":\"\/\",\"name\":\"Phaedon Paris\",\"description\":\"\",\"publisher\":{\"@id\":\"\/#organization\"},\"potentialAction\":[{\"@type\":\"SearchAction\",\"target\":{\"@type\":\"EntryPoint\",\"urlTemplate\":\"\/?s={search_term_string}\"},\"query-input\":{\"@type\":\"PropertyValueSpecification\",\"valueRequired\":true,\"valueName\":\"search_term_string\"}}],\"inLanguage\":\"en-US\"},{\"@type\":\"Organization\",\"@id\":\"\/#organization\",\"name\":\"Phaedon Paris\",\"url\":\"\/\",\"logo\":{\"@type\":\"ImageObject\",\"inLanguage\":\"en-US\",\"@id\":\"\/#\/schema\/logo\/image\/\",\"url\":\"https:\/\/phaedonparis.com\/app\/uploads\/2020\/09\/PHAEDON_BLC-2.png\",\"contentUrl\":\"https:\/\/phaedonparis.com\/app\/uploads\/2020\/09\/PHAEDON_BLC-2.png\",\"width\":600,\"height\":300,\"caption\":\"Phaedon Paris\"},\"image\":{\"@id\":\"\/#\/schema\/logo\/image\/\"},\"sameAs\":[\"https:\/\/www.facebook.com\/phaedonparis\",\"https:\/\/www.instagram.com\/phaedonparis\/\"]}]}<\/script>\n<!-- \/ Yoast SEO plugin. -->","yoast_head_json":{"title":"Antigua - Highlight - Phaedon Paris","robots":{"index":"index","follow":"follow","max-snippet":"max-snippet:-1","max-image-preview":"max-image-preview:large","max-video-preview":"max-video-preview:-1"},"canonical":"https:\/\/phaedonparis.com\/en\/antigua-mise-en-avant\/","og_locale":"en_US","og_type":"article","og_title":"Antigua - Highlight - Phaedon Paris","og_description":"[vc_row full_width=&#8221;stretch_row_content_no_spaces&#8221; css=&#8221;.vc_custom_1602601831995{margin-bottom: 70px !important;}&#8221;][vc_column][\/vc_column][\/vc_row][vc_row css=&#8221;.vc_custom_1600341046541{margin-bottom: 70px !important;}&#8221;][vc_column][\/vc_column][\/vc_row][vc_row full_width=&#8221;stretch_row&#8221; css=&#8221;.vc_custom_1600773716866{padding-top: 50px !important;padding-bottom: 70px !important;background-color: #c4b29e !important;}&#8221;][vc_column][vc_column_text css_animation=&#8221;fadeInUp&#8221;] \u201c Le soleil ext\u00e9rieur a soif du soleil int\u00e9reur. J. B\u00f6hme [\/vc_column_text][\/vc_column][\/vc_row][vc_row full_width=&#8221;stretch_row&#8221; content_placement=&#8221;middle&#8221; css=&#8221;.vc_custom_1600853873193{margin-top: 50px !important;margin-bottom: 50px !important;}&#8221;][vc_column width=&#8221;1\/3&#8243;][vc_column_text]Fresh Oriental or fruity Cyprus, \u201cAntigua\u201d is a sparkling and luminous fragrance that is difficult to classify&#8230; Its opening &hellip;Continued","og_url":"https:\/\/phaedonparis.com\/en\/antigua-mise-en-avant\/","og_site_name":"Phaedon Paris","article_publisher":"https:\/\/www.facebook.com\/phaedonparis","article_modified_time":"2020-10-13T15:16:55+00:00","twitter_card":"summary_large_image","twitter_misc":{"Est. reading time":"3 minutes"},"schema":{"@context":"https:\/\/schema.org","@graph":[{"@type":"WebPage","@id":"https:\/\/phaedonparis.com\/en\/antigua-mise-en-avant\/","url":"https:\/\/phaedonparis.com\/en\/antigua-mise-en-avant\/","name":"Antigua - Highlight - Phaedon Paris","isPartOf":{"@id":"\/#website"},"datePublished":"2020-09-24T09:36:37+00:00","dateModified":"2020-10-13T15:16:55+00:00","breadcrumb":{"@id":"https:\/\/phaedonparis.com\/en\/antigua-mise-en-avant\/#breadcrumb"},"inLanguage":"en-US","potentialAction":[{"@type":"ReadAction","target":["https:\/\/phaedonparis.com\/en\/antigua-mise-en-avant\/"]}]},{"@type":"BreadcrumbList","@id":"https:\/\/phaedonparis.com\/en\/antigua-mise-en-avant\/#breadcrumb","itemListElement":[{"@type":"ListItem","position":1,"name":"Home","item":"https:\/\/phaedonparis.com\/en\/"},{"@type":"ListItem","position":2,"name":"Antigua &#8211; Highlight"}]},{"@type":"WebSite","@id":"\/#website","url":"\/","name":"Phaedon Paris","description":"","publisher":{"@id":"\/#organization"},"potentialAction":[{"@type":"SearchAction","target":{"@type":"EntryPoint","urlTemplate":"\/?s={search_term_string}"},"query-input":{"@type":"PropertyValueSpecification","valueRequired":true,"valueName":"search_term_string"}}],"inLanguage":"en-US"},{"@type":"Organization","@id":"\/#organization","name":"Phaedon Paris","url":"\/","logo":{"@type":"ImageObject","inLanguage":"en-US","@id":"\/#\/schema\/logo\/image\/","url":"https:\/\/phaedonparis.com\/app\/uploads\/2020\/09\/PHAEDON_BLC-2.png","contentUrl":"https:\/\/phaedonparis.com\/app\/uploads\/2020\/09\/PHAEDON_BLC-2.png","width":600,"height":300,"caption":"Phaedon Paris"},"image":{"@id":"\/#\/schema\/logo\/image\/"},"sameAs":["https:\/\/www.facebook.com\/phaedonparis","https:\/\/www.instagram.com\/phaedonparis\/"]}]}},"_links":{"self":[{"href":"https:\/\/phaedonparis.com\/en\/wp-json\/wp\/v2\/pages\/2617","targetHints":{"allow":["GET"]}}],"collection":[{"href":"https:\/\/phaedonparis.com\/en\/wp-json\/wp\/v2\/pages"}],"about":[{"href":"https:\/\/phaedonparis.com\/en\/wp-json\/wp\/v2\/types\/page"}],"author":[{"embeddable":true,"href":"https:\/\/phaedonparis.com\/en\/wp-json\/wp\/v2\/users\/2"}],"replies":[{"embeddable":true,"href":"https:\/\/phaedonparis.com\/en\/wp-json\/wp\/v2\/comments?post=2617"}],"version-history":[{"count":6,"href":"https:\/\/phaedonparis.com\/en\/wp-json\/wp\/v2\/pages\/2617\/revisions"}],"predecessor-version":[{"id":2722,"href":"https:\/\/phaedonparis.com\/en\/wp-json\/wp\/v2\/pages\/2617\/revisions\/2722"}],"wp:attachment":[{"href":"https:\/\/phaedonparis.com\/en\/wp-json\/wp\/v2\/media?parent=2617"}],"curies":[{"name":"wp","href":"https:\/\/api.w.org\/{rel}","templated":true}]}}