{"id":2689,"date":"2020-09-17T15:43:35","date_gmt":"2020-09-17T13:43:35","guid":{"rendered":"https:\/\/phaedon.exocod.dev\/sante-securite\/"},"modified":"2020-10-13T11:56:28","modified_gmt":"2020-10-13T09:56:28","slug":"sante-securite","status":"publish","type":"page","link":"https:\/\/phaedonparis.com\/en\/sante-securite\/","title":{"rendered":"Sant\u00e9 &#038; s\u00e9curit\u00e9-EN"},"content":{"rendered":"<p>[vc_row full_width=&#8221;stretch_row_content_no_spaces&#8221; css=&#8221;.vc_custom_1602508111554{margin-bottom: 70px !important;}&#8221;][vc_column]<div class=\"full-width symbol-up symbol-down\">\n  <img loading=\"lazy\" decoding=\"async\" width=\"1900\" height=\"870\" src=\"https:\/\/phaedonparis.com\/app\/uploads\/2020\/09\/PHAEDON_1900_CATEGORIES-SANTE.jpg\" class=\"img-fluid-real\" alt=\"\" srcset=\"https:\/\/phaedonparis.com\/app\/uploads\/2020\/09\/PHAEDON_1900_CATEGORIES-SANTE.jpg 1900w, https:\/\/phaedonparis.com\/app\/uploads\/2020\/09\/PHAEDON_1900_CATEGORIES-SANTE-300x137.jpg 300w, https:\/\/phaedonparis.com\/app\/uploads\/2020\/09\/PHAEDON_1900_CATEGORIES-SANTE-1024x469.jpg 1024w, https:\/\/phaedonparis.com\/app\/uploads\/2020\/09\/PHAEDON_1900_CATEGORIES-SANTE-768x352.jpg 768w, https:\/\/phaedonparis.com\/app\/uploads\/2020\/09\/PHAEDON_1900_CATEGORIES-SANTE-1536x703.jpg 1536w, https:\/\/phaedonparis.com\/app\/uploads\/2020\/09\/PHAEDON_1900_CATEGORIES-SANTE-125x57.jpg 125w, https:\/\/phaedonparis.com\/app\/uploads\/2020\/09\/PHAEDON_1900_CATEGORIES-SANTE-600x275.jpg 600w, https:\/\/phaedonparis.com\/app\/uploads\/2020\/09\/PHAEDON_1900_CATEGORIES-SANTE-64x29.jpg 64w\" sizes=\"auto, (max-width: 1900px) 100vw, 1900px\" \/>\n<\/div>\n[\/vc_column][\/vc_row][vc_row css=&#8221;.vc_custom_1600341046541{margin-bottom: 70px !important;}&#8221;][vc_column]<div class=\"pg-title  text-center\">\n        <h2 style=\"font-size: 58px\" class=\"font-extrabold\">Health &amp; Safety<\/h2>\n          <div class=\"title__subtitle \" style=\"font-size: 42px\">\n        Phaedon Paris\n      <\/div>\n      <\/div>\n\n[\/vc_column][\/vc_row][vc_row css=&#8221;.vc_custom_1602582985241{margin-bottom: 70px !important;}&#8221;][vc_column][vc_column_text]<\/p>\n<div class=\"vc_row wpb_row vc_row-fluid vc_custom_1580816677964\">\n<div class=\"wpb_column vc_column_container vc_col-sm-12\">\n<div class=\"vc_column-inner\">\n<div class=\"wpb_wrapper\">\n<div class=\"wpb_text_column wpb_content_element \">\n<div class=\"wpb_wrapper\">\n<div class=\"vc_row wpb_row vc_row-fluid vc_custom_1580816677964\">\n<div class=\"wpb_column vc_column_container vc_col-sm-12\">\n<div class=\"vc_column-inner\">\n<div class=\"wpb_wrapper\">\n<div class=\"wpb_text_column wpb_content_element \">\n<div class=\"wpb_wrapper\">\n<p>Our perfumes are imagined in the heart of the Auvergne Volcanoes Natural Park. The sustainability of our planet is of particular concern to us and we are committed to reducing the impact of our activity on it as much as possible.<\/p>\n<p>The choice of raw materials for our perfumes is made for their olfactory qualities, but also for the certifications and respect for the environment that our producers guarantee.<\/p>\n<p>In order to reduce our carbon footprint, we favour local suppliers as much as possible, be it for the glassmakers, printers and finishers of our products. Our partners for this purpose are either Auvergne or French.<\/p>\n<p>We actively practice sorting our production waste and we strongly encourage our customers to do the same.<\/p>\n<p>Our Clermont-Ferrand workshops have been successfully inspected by the Regional Department of the Environment, Development and Housing (DREAL Auvergne).<\/p>\n<p><strong>In accordance with regulation 1223\/2009 of the European Parliament of 30 November 2009<\/strong>, our fragrances are subject to skin tolerance, phototoxicity and toxicological tests.<\/p>\n<p><strong>In accordance with Decree 2013-118 of February 1<sup>st<\/sup> 2013, these tests are not performed on animals.<\/strong><\/p>\n<p>They are carried out by approved independent institutions and no product that does not fully meet the legal requirements is placed on the market.<\/p>\n<p><strong>For more information: <a href=\"http:\/\/www.quefairedemesdechets.fr\">www.quefairedemesdechets.fr<\/a><\/strong><\/p>\n<\/div>\n<\/div>\n<\/div>\n<\/div>\n<\/div>\n<\/div>\n<\/div>\n<\/div>\n<\/div>\n<\/div>\n<\/div>\n<\/div>\n<p>[\/vc_column_text][\/vc_column][\/vc_row]<\/p>\n","protected":false},"excerpt":{"rendered":"<p>[vc_row full_width=&#8221;stretch_row_content_no_spaces&#8221; css=&#8221;.vc_custom_1602508111554{margin-bottom: 70px !important;}&#8221;][vc_column][\/vc_column][\/vc_row][vc_row css=&#8221;.vc_custom_1600341046541{margin-bottom: 70px !important;}&#8221;][vc_column][\/vc_column][\/vc_row][vc_row css=&#8221;.vc_custom_1602582985241{margin-bottom: 70px !important;}&#8221;][vc_column][vc_column_text] Our perfumes are imagined in the heart of the Auvergne Volcanoes Natural Park. The sustainability of our planet is of particular concern to us and we are committed to reducing the impact of our activity on it as much as possible. The choice of &hellip;<br \/><a href=\"https:\/\/phaedonparis.com\/en\/sante-securite\/\">Continued<\/a><\/p>\n","protected":false},"author":2,"featured_media":0,"parent":0,"menu_order":0,"comment_status":"closed","ping_status":"closed","template":"","meta":{"footnotes":""},"class_list":["post-2689","page","type-page","status-publish","hentry"],"acf":[],"yoast_head":"<!-- This site is optimized with the Yoast SEO plugin v24.7 - https:\/\/yoast.com\/wordpress\/plugins\/seo\/ -->\n<title>Sant\u00e9 &amp; s\u00e9curit\u00e9-EN - Phaedon Paris<\/title>\n<meta name=\"robots\" content=\"index, follow, max-snippet:-1, max-image-preview:large, max-video-preview:-1\" \/>\n<link rel=\"canonical\" href=\"https:\/\/phaedonparis.com\/en\/sante-securite\/\" \/>\n<meta property=\"og:locale\" content=\"en_US\" \/>\n<meta property=\"og:type\" content=\"article\" \/>\n<meta property=\"og:title\" content=\"Sant\u00e9 &amp; s\u00e9curit\u00e9-EN - Phaedon Paris\" \/>\n<meta property=\"og:description\" content=\"[vc_row full_width=&#8221;stretch_row_content_no_spaces&#8221; css=&#8221;.vc_custom_1602508111554{margin-bottom: 70px !important;}&#8221;][vc_column][\/vc_column][\/vc_row][vc_row css=&#8221;.vc_custom_1600341046541{margin-bottom: 70px !important;}&#8221;][vc_column][\/vc_column][\/vc_row][vc_row css=&#8221;.vc_custom_1602582985241{margin-bottom: 70px !important;}&#8221;][vc_column][vc_column_text] Our perfumes are imagined in the heart of the Auvergne Volcanoes Natural Park. The sustainability of our planet is of particular concern to us and we are committed to reducing the impact of our activity on it as much as possible. The choice of &hellip;Continued\" \/>\n<meta property=\"og:url\" content=\"https:\/\/phaedonparis.com\/en\/sante-securite\/\" \/>\n<meta property=\"og:site_name\" content=\"Phaedon Paris\" \/>\n<meta property=\"article:publisher\" content=\"https:\/\/www.facebook.com\/phaedonparis\" \/>\n<meta property=\"article:modified_time\" content=\"2020-10-13T09:56:28+00:00\" \/>\n<meta name=\"twitter:card\" content=\"summary_large_image\" \/>\n<meta name=\"twitter:label1\" content=\"Est. reading time\" \/>\n\t<meta name=\"twitter:data1\" content=\"1 minute\" \/>\n<script type=\"application\/ld+json\" class=\"yoast-schema-graph\">{\"@context\":\"https:\/\/schema.org\",\"@graph\":[{\"@type\":\"WebPage\",\"@id\":\"https:\/\/phaedonparis.com\/en\/sante-securite\/\",\"url\":\"https:\/\/phaedonparis.com\/en\/sante-securite\/\",\"name\":\"Sant\u00e9 & s\u00e9curit\u00e9-EN - Phaedon Paris\",\"isPartOf\":{\"@id\":\"\/#website\"},\"datePublished\":\"2020-09-17T13:43:35+00:00\",\"dateModified\":\"2020-10-13T09:56:28+00:00\",\"breadcrumb\":{\"@id\":\"https:\/\/phaedonparis.com\/en\/sante-securite\/#breadcrumb\"},\"inLanguage\":\"en-US\",\"potentialAction\":[{\"@type\":\"ReadAction\",\"target\":[\"https:\/\/phaedonparis.com\/en\/sante-securite\/\"]}]},{\"@type\":\"BreadcrumbList\",\"@id\":\"https:\/\/phaedonparis.com\/en\/sante-securite\/#breadcrumb\",\"itemListElement\":[{\"@type\":\"ListItem\",\"position\":1,\"name\":\"Home\",\"item\":\"https:\/\/phaedonparis.com\/en\/\"},{\"@type\":\"ListItem\",\"position\":2,\"name\":\"Sant\u00e9 &#038; s\u00e9curit\u00e9-EN\"}]},{\"@type\":\"WebSite\",\"@id\":\"\/#website\",\"url\":\"\/\",\"name\":\"Phaedon Paris\",\"description\":\"\",\"publisher\":{\"@id\":\"\/#organization\"},\"potentialAction\":[{\"@type\":\"SearchAction\",\"target\":{\"@type\":\"EntryPoint\",\"urlTemplate\":\"\/?s={search_term_string}\"},\"query-input\":{\"@type\":\"PropertyValueSpecification\",\"valueRequired\":true,\"valueName\":\"search_term_string\"}}],\"inLanguage\":\"en-US\"},{\"@type\":\"Organization\",\"@id\":\"\/#organization\",\"name\":\"Phaedon Paris\",\"url\":\"\/\",\"logo\":{\"@type\":\"ImageObject\",\"inLanguage\":\"en-US\",\"@id\":\"\/#\/schema\/logo\/image\/\",\"url\":\"https:\/\/phaedonparis.com\/app\/uploads\/2020\/09\/PHAEDON_BLC-2.png\",\"contentUrl\":\"https:\/\/phaedonparis.com\/app\/uploads\/2020\/09\/PHAEDON_BLC-2.png\",\"width\":600,\"height\":300,\"caption\":\"Phaedon Paris\"},\"image\":{\"@id\":\"\/#\/schema\/logo\/image\/\"},\"sameAs\":[\"https:\/\/www.facebook.com\/phaedonparis\",\"https:\/\/www.instagram.com\/phaedonparis\/\"]}]}<\/script>\n<!-- \/ Yoast SEO plugin. -->","yoast_head_json":{"title":"Sant\u00e9 & s\u00e9curit\u00e9-EN - Phaedon Paris","robots":{"index":"index","follow":"follow","max-snippet":"max-snippet:-1","max-image-preview":"max-image-preview:large","max-video-preview":"max-video-preview:-1"},"canonical":"https:\/\/phaedonparis.com\/en\/sante-securite\/","og_locale":"en_US","og_type":"article","og_title":"Sant\u00e9 & s\u00e9curit\u00e9-EN - Phaedon Paris","og_description":"[vc_row full_width=&#8221;stretch_row_content_no_spaces&#8221; css=&#8221;.vc_custom_1602508111554{margin-bottom: 70px !important;}&#8221;][vc_column][\/vc_column][\/vc_row][vc_row css=&#8221;.vc_custom_1600341046541{margin-bottom: 70px !important;}&#8221;][vc_column][\/vc_column][\/vc_row][vc_row css=&#8221;.vc_custom_1602582985241{margin-bottom: 70px !important;}&#8221;][vc_column][vc_column_text] Our perfumes are imagined in the heart of the Auvergne Volcanoes Natural Park. The sustainability of our planet is of particular concern to us and we are committed to reducing the impact of our activity on it as much as possible. The choice of &hellip;Continued","og_url":"https:\/\/phaedonparis.com\/en\/sante-securite\/","og_site_name":"Phaedon Paris","article_publisher":"https:\/\/www.facebook.com\/phaedonparis","article_modified_time":"2020-10-13T09:56:28+00:00","twitter_card":"summary_large_image","twitter_misc":{"Est. reading time":"1 minute"},"schema":{"@context":"https:\/\/schema.org","@graph":[{"@type":"WebPage","@id":"https:\/\/phaedonparis.com\/en\/sante-securite\/","url":"https:\/\/phaedonparis.com\/en\/sante-securite\/","name":"Sant\u00e9 & s\u00e9curit\u00e9-EN - Phaedon Paris","isPartOf":{"@id":"\/#website"},"datePublished":"2020-09-17T13:43:35+00:00","dateModified":"2020-10-13T09:56:28+00:00","breadcrumb":{"@id":"https:\/\/phaedonparis.com\/en\/sante-securite\/#breadcrumb"},"inLanguage":"en-US","potentialAction":[{"@type":"ReadAction","target":["https:\/\/phaedonparis.com\/en\/sante-securite\/"]}]},{"@type":"BreadcrumbList","@id":"https:\/\/phaedonparis.com\/en\/sante-securite\/#breadcrumb","itemListElement":[{"@type":"ListItem","position":1,"name":"Home","item":"https:\/\/phaedonparis.com\/en\/"},{"@type":"ListItem","position":2,"name":"Sant\u00e9 &#038; s\u00e9curit\u00e9-EN"}]},{"@type":"WebSite","@id":"\/#website","url":"\/","name":"Phaedon Paris","description":"","publisher":{"@id":"\/#organization"},"potentialAction":[{"@type":"SearchAction","target":{"@type":"EntryPoint","urlTemplate":"\/?s={search_term_string}"},"query-input":{"@type":"PropertyValueSpecification","valueRequired":true,"valueName":"search_term_string"}}],"inLanguage":"en-US"},{"@type":"Organization","@id":"\/#organization","name":"Phaedon Paris","url":"\/","logo":{"@type":"ImageObject","inLanguage":"en-US","@id":"\/#\/schema\/logo\/image\/","url":"https:\/\/phaedonparis.com\/app\/uploads\/2020\/09\/PHAEDON_BLC-2.png","contentUrl":"https:\/\/phaedonparis.com\/app\/uploads\/2020\/09\/PHAEDON_BLC-2.png","width":600,"height":300,"caption":"Phaedon Paris"},"image":{"@id":"\/#\/schema\/logo\/image\/"},"sameAs":["https:\/\/www.facebook.com\/phaedonparis","https:\/\/www.instagram.com\/phaedonparis\/"]}]}},"_links":{"self":[{"href":"https:\/\/phaedonparis.com\/en\/wp-json\/wp\/v2\/pages\/2689","targetHints":{"allow":["GET"]}}],"collection":[{"href":"https:\/\/phaedonparis.com\/en\/wp-json\/wp\/v2\/pages"}],"about":[{"href":"https:\/\/phaedonparis.com\/en\/wp-json\/wp\/v2\/types\/page"}],"author":[{"embeddable":true,"href":"https:\/\/phaedonparis.com\/en\/wp-json\/wp\/v2\/users\/2"}],"replies":[{"embeddable":true,"href":"https:\/\/phaedonparis.com\/en\/wp-json\/wp\/v2\/comments?post=2689"}],"version-history":[{"count":1,"href":"https:\/\/phaedonparis.com\/en\/wp-json\/wp\/v2\/pages\/2689\/revisions"}],"predecessor-version":[{"id":2691,"href":"https:\/\/phaedonparis.com\/en\/wp-json\/wp\/v2\/pages\/2689\/revisions\/2691"}],"wp:attachment":[{"href":"https:\/\/phaedonparis.com\/en\/wp-json\/wp\/v2\/media?parent=2689"}],"curies":[{"name":"wp","href":"https:\/\/api.w.org\/{rel}","templated":true}]}}