{"id":4012,"date":"2021-12-29T06:23:03","date_gmt":"2021-12-29T05:23:03","guid":{"rendered":"https:\/\/phaedonparis.com\/?page_id=4012"},"modified":"2021-12-30T11:22:26","modified_gmt":"2021-12-30T10:22:26","slug":"pheadon-paris-selection-winter-scented-candles","status":"publish","type":"page","link":"https:\/\/phaedonparis.com\/en\/pheadon-paris-selection-winter-scented-candles\/","title":{"rendered":"Pheadon Paris &#8211; Selection &#8211; Winter &#8211; Scented Candles"},"content":{"rendered":"<p>[vc_row full_width=&#8221;stretch_row_content_no_spaces&#8221; css=&#8221;.vc_custom_1602602290257{margin-bottom: 70px !important;}&#8221;][vc_column]<div class=\"full-width symbol-up symbol-down\">\n  <img loading=\"lazy\" decoding=\"async\" width=\"1900\" height=\"870\" src=\"https:\/\/phaedonparis.com\/app\/uploads\/2021\/12\/Phaedon_Winter_Chapitre.jpg\" class=\"img-fluid-real\" alt=\"Phaedon-Paris-Parfumeur-Voyageur-Scented candles-190g-300g\" srcset=\"https:\/\/phaedonparis.com\/app\/uploads\/2021\/12\/Phaedon_Winter_Chapitre.jpg 1900w, https:\/\/phaedonparis.com\/app\/uploads\/2021\/12\/Phaedon_Winter_Chapitre-300x137.jpg 300w, https:\/\/phaedonparis.com\/app\/uploads\/2021\/12\/Phaedon_Winter_Chapitre-1024x469.jpg 1024w, https:\/\/phaedonparis.com\/app\/uploads\/2021\/12\/Phaedon_Winter_Chapitre-768x352.jpg 768w, https:\/\/phaedonparis.com\/app\/uploads\/2021\/12\/Phaedon_Winter_Chapitre-1536x703.jpg 1536w, https:\/\/phaedonparis.com\/app\/uploads\/2021\/12\/Phaedon_Winter_Chapitre-125x57.jpg 125w, https:\/\/phaedonparis.com\/app\/uploads\/2021\/12\/Phaedon_Winter_Chapitre-600x275.jpg 600w, https:\/\/phaedonparis.com\/app\/uploads\/2021\/12\/Phaedon_Winter_Chapitre-64x29.jpg 64w\" sizes=\"auto, (max-width: 1900px) 100vw, 1900px\" \/>\n<\/div>\n[\/vc_column][\/vc_row][vc_row css=&#8221;.vc_custom_1600341046541{margin-bottom: 70px !important;}&#8221;][vc_column]<div class=\"pg-title  text-center\">\n        <h2 style=\"font-size: 46px\" class=\"font-extrabold\">Phaedon Paris<\/h2>\n          <div class=\"title__subtitle \" style=\"font-size: 42px\">\n        Winter has arrived, here is our selection of comforting scented candles!\n      <\/div>\n      <\/div>\n\n[\/vc_column][\/vc_row][vc_row full_width=&#8221;stretch_row&#8221; css=&#8221;.vc_custom_1600773716866{padding-top: 50px !important;padding-bottom: 70px !important;background-color: #c4b29e !important;}&#8221;][vc_column][vc_column_text css_animation=&#8221;fadeInUp&#8221;]<\/p>\n<h3 style=\"text-align: center;\"><span style=\"font-size: 68pt;\">\u201c<\/span><\/h3>\n<h3 style=\"text-align: center;\"><span style=\"font-size: 30pt;\"><em><strong>L&#8217;\u00e9nergie d\u00e9borde des \u00eatres comme<br \/>\nles larmes de r\u00e9sine perlent du tronc du pin.<br \/>\n<\/strong><\/em><\/span><span style=\"font-size: 30pt;\"><em><span style=\"color: black; font-size: medium;\"><strong>Sylvain Tesson<\/strong><\/span><\/em><\/span><strong><span style=\"font-size: 30pt;\"><i><br \/>\n<\/i><\/span><\/strong><\/h3>\n<p>[\/vc_column_text][\/vc_column][\/vc_row][vc_row full_width=&#8221;stretch_row&#8221; content_placement=&#8221;middle&#8221; css=&#8221;.vc_custom_1600853873193{margin-top: 50px !important;margin-bottom: 50px !important;}&#8221;][vc_column width=&#8221;1\/2&#8243;]<div class=\"pg-title  text-left\">\n        <h2 style=\"font-size: 38px\" class=\"font-bold\">Aiguilles de pin: resin, original green and aromatic notes...<\/h2>\n      <\/div>\n\n[vc_column_text]<\/p>\n<h4><em>Bougie \u201cParisienne\u201d 190 g<\/em><\/h4>\n<p>From the forests of the Landes to the <a href=\"https:\/\/fr.wikipedia.org\/wiki\/C%C3%B4te_d%27Argent\"><em>C\u00f4te d\u2019Argent<\/em><\/a>, the scent of the Pines mixed with the atmosphere of the Atlantic beaches is evoked through the freshest and most dazzling facets of the resin interspersed with original green and aromatic notes.<\/p>\n<p><strong><em><a href=\"https:\/\/phaedonparis.com\/facette-parfum\/woody\/\">Absolute of pine needles<\/a>, <a href=\"https:\/\/phaedonparis.com\/facette-parfum\/aromatic\/\">Mugwort<\/a>, <a href=\"https:\/\/phaedonparis.com\/facette-parfum\/resinous\/\">Eucalyptus and Galbanum<\/a><\/em><\/strong>[\/vc_column_text]<div class=\"text-left\">\n  <a class=\"btn btn-ph mb-5 mb-lg-3 mb-xl-0   \" href=\"https:\/\/phaedonparis.com\/en\/shop\/aiguilles-de-pin\/\">\n    Purchase\n  <\/a>\n<\/div>\n[\/vc_column][vc_column width=&#8221;1\/2&#8243;][vc_single_image image=&#8221;1574&#8243; img_size=&#8221;full&#8221; alignment=&#8221;center&#8221;][\/vc_column][\/vc_row][vc_row][vc_column][vc_separator][\/vc_column][\/vc_row][vc_row full_width=&#8221;stretch_row&#8221; content_placement=&#8221;middle&#8221; css=&#8221;.vc_custom_1600853873193{margin-top: 50px !important;margin-bottom: 50px !important;}&#8221;][vc_column width=&#8221;1\/2&#8243;][vc_single_image image=&#8221;1602&#8243; img_size=&#8221;full&#8221; alignment=&#8221;center&#8221;][\/vc_column][vc_column width=&#8221;1\/2&#8243;]<div class=\"pg-title  text-left\">\n        <h2 style=\"font-size: 38px\" class=\"font-bold\">Montagne, the Corsican maquis...<\/h2>\n      <\/div>\n\n[vc_column_text]<\/p>\n<h4><em>Bougie \u201cBauhaus\u201d 300 g<\/em><\/h4>\n<p>On the steep paths of <a href=\"https:\/\/fr.wikipedia.org\/wiki\/G%C3%A9ographie_de_la_Corse\">the Corsican Mountain<\/a>, between Laricio pine and high altitude lake, the Grecale blows, a cold and powerful autumn wind, hoisting the scents of the maquis in the shade of the forests.<\/p>\n<p><strong><em><a href=\"https:\/\/phaedonparis.com\/en\/perfume-facette\/cedar-wood-en\/\">Cedarwood<\/a>, <a href=\"https:\/\/phaedonparis.com\/facette-parfum\/resinous\/\">Fir Balsam<\/a><a href=\"https:\/\/phaedonparis.com\/facette-parfum\/vanille\/\">,<\/a> <a href=\"https:\/\/phaedonparis.com\/facette-parfum\/aromatic\/\">Heather Wood<\/a><\/em><\/strong>[\/vc_column_text]<div class=\"text-left\">\n  <a class=\"btn btn-ph mb-5 mb-lg-3 mb-xl-0   \" href=\"https:\/\/phaedonparis.com\/en\/?s=montagne&amp;post_type=product&amp;dgwt_wcas=1&amp;lang=en\">\n    Purchase\n  <\/a>\n<\/div>\n[\/vc_column][\/vc_row][vc_row][vc_column][vc_separator][\/vc_column][\/vc_row][vc_row css=&#8221;.vc_custom_1615547901969{margin-bottom: 25px !important;}&#8221;][vc_column]<div class=\"pg-title  text-center\">\n        <h2 style=\"font-size: px\" class=\"\">Are you hesitating? Treat yourself!<\/h2>\n      <\/div>\n\n[\/vc_column][\/vc_row][vc_row][vc_column]<div class=\"woocommerce columns-3 \"><ul class=\"products columns-3\">\n<li class=\"product type-product post-2756 status-publish first instock product_cat-parisienne-candles-190-g product_cat-scented-candles-en product_tag-aromatic-en product_tag-resinous-2-en product_tag-woody-en has-post-thumbnail taxable shipping-taxable purchasable product-type-simple\">\n\t<a href=\"https:\/\/phaedonparis.com\/en\/shop\/aiguilles-de-pin\/\" class=\"woocommerce-LoopProduct-link woocommerce-loop-product__link\"><div class=\"ph_thumbnail_wrapper\"><img loading=\"lazy\" decoding=\"async\" src=\"https:\/\/phaedonparis.com\/app\/uploads\/2020\/08\/AIGUILLEDEPIN_BOUGI_780px-1-500x500.png\" alt=\"AIGUILLES DE PIN\" width=\"500\" height=\"500\" class=\"ph_artwork\" \/><img loading=\"lazy\" decoding=\"async\" width=\"300\" height=\"385\" src=\"https:\/\/phaedonparis.com\/app\/uploads\/2020\/08\/AiguillesDePin_190g_624x800-300x385.png\" class=\"ph_product wp-post-image\" alt=\"Phaedon Paris - Scented candle 190g - Aiguille de pin, Pine needles absolute, Mugwort, Eucalyptus and Galbanum\" srcset=\"https:\/\/phaedonparis.com\/app\/uploads\/2020\/08\/AiguillesDePin_190g_624x800-300x385.png 300w, https:\/\/phaedonparis.com\/app\/uploads\/2020\/08\/AiguillesDePin_190g_624x800-600x769.png 600w, https:\/\/phaedonparis.com\/app\/uploads\/2020\/08\/AiguillesDePin_190g_624x800-64x82.png 64w, https:\/\/phaedonparis.com\/app\/uploads\/2020\/08\/AiguillesDePin_190g_624x800-234x300.png 234w, https:\/\/phaedonparis.com\/app\/uploads\/2020\/08\/AiguillesDePin_190g_624x800-78x100.png 78w, https:\/\/phaedonparis.com\/app\/uploads\/2020\/08\/AiguillesDePin_190g_624x800.png 624w\" sizes=\"auto, (max-width: 300px) 100vw, 300px\" \/><\/div><h2 class=\"woocommerce-loop-product__title\">AIGUILLES DE PIN<\/h2>\n\t<span class=\"price\"><span class=\"woocommerce-Price-amount amount\"><bdi>48,00<span class=\"woocommerce-Price-currencySymbol\">&euro;<\/span><\/bdi><\/span><\/span>\n<\/a><a href=\"?add-to-cart=2756\" aria-describedby=\"woocommerce_loop_add_to_cart_link_describedby_2756\" data-quantity=\"1\" class=\"button product_type_simple add_to_cart_button ajax_add_to_cart\" data-product_id=\"2756\" data-product_sku=\"PhCandle190-001\" aria-label=\"Add to cart: &ldquo;AIGUILLES DE PIN&rdquo;\" rel=\"nofollow\" data-success_message=\"&ldquo;AIGUILLES DE PIN&rdquo; has been added to your cart\">Add to cart<\/a>\t<span id=\"woocommerce_loop_add_to_cart_link_describedby_2756\" class=\"screen-reader-text\">\n\t\t\t<\/span>\n<span class=\"gtm4wp_productdata\" style=\"display:none; visibility:hidden;\" data-gtm4wp_product_data=\"{&quot;internal_id&quot;:2756,&quot;item_id&quot;:2756,&quot;item_name&quot;:&quot;AIGUILLES DE PIN&quot;,&quot;sku&quot;:&quot;PhCandle190-001&quot;,&quot;price&quot;:48,&quot;stocklevel&quot;:null,&quot;stockstatus&quot;:&quot;instock&quot;,&quot;google_business_vertical&quot;:&quot;retail&quot;,&quot;item_category&quot;:&quot;\\u201cParisienne\\u201d Candles - 190 g&quot;,&quot;id&quot;:2756,&quot;productlink&quot;:&quot;https:\\\/\\\/phaedonparis.com\\\/en\\\/shop\\\/aiguilles-de-pin\\\/&quot;,&quot;item_list_name&quot;:&quot;General Product List&quot;,&quot;index&quot;:1,&quot;product_type&quot;:&quot;simple&quot;,&quot;item_brand&quot;:&quot;&quot;}\"><\/span><div class=\"woocommerce-loop-product__cat\"><a class=\"woocommerce-loop-product__link\" href=\"https:\/\/phaedonparis.com\/en\/collection-parfum\/scented-candles-en\/parisienne-candles-190-g\/\" title=\"\u201cParisienne\u201d Candle - 190 g\">\u201cParisienne\u201d Candle - 190 g<\/a><\/div><\/li>\n<li class=\"product type-product post-2803 status-publish instock product_cat-bauhaus-candles-300-g product_cat-scented-candles-en product_tag-aromatic-en product_tag-cedar-wood-en product_tag-full-bodied-en product_tag-intense-en product_tag-resinous-2-en product_tag-woody-en has-post-thumbnail taxable shipping-taxable purchasable product-type-simple\">\n\t<a href=\"https:\/\/phaedonparis.com\/en\/shop\/montagne-2\/\" class=\"woocommerce-LoopProduct-link woocommerce-loop-product__link\"><div class=\"ph_thumbnail_wrapper\"><img loading=\"lazy\" decoding=\"async\" src=\"https:\/\/phaedonparis.com\/app\/uploads\/2020\/08\/MONTAGNE_300_780px-500x500.png\" alt=\"MONTAGNE\" width=\"500\" height=\"500\" class=\"ph_artwork\" \/><img loading=\"lazy\" decoding=\"async\" width=\"300\" height=\"385\" src=\"https:\/\/phaedonparis.com\/app\/uploads\/2020\/09\/MONTAGNE_300g_624x800-300x385.png\" class=\"ph_product wp-post-image\" alt=\"Phaedon Paris - Montagne, Bauhaus Scented Candle 300g - Cedar, Fir, Heather wood\" srcset=\"https:\/\/phaedonparis.com\/app\/uploads\/2020\/09\/MONTAGNE_300g_624x800-300x385.png 300w, https:\/\/phaedonparis.com\/app\/uploads\/2020\/09\/MONTAGNE_300g_624x800-234x300.png 234w, https:\/\/phaedonparis.com\/app\/uploads\/2020\/09\/MONTAGNE_300g_624x800-78x100.png 78w, https:\/\/phaedonparis.com\/app\/uploads\/2020\/09\/MONTAGNE_300g_624x800-600x769.png 600w, https:\/\/phaedonparis.com\/app\/uploads\/2020\/09\/MONTAGNE_300g_624x800-64x82.png 64w, https:\/\/phaedonparis.com\/app\/uploads\/2020\/09\/MONTAGNE_300g_624x800.png 624w\" sizes=\"auto, (max-width: 300px) 100vw, 300px\" \/><\/div><h2 class=\"woocommerce-loop-product__title\">MONTAGNE<\/h2>\n\t<span class=\"price\"><span class=\"woocommerce-Price-amount amount\"><bdi>58,00<span class=\"woocommerce-Price-currencySymbol\">&euro;<\/span><\/bdi><\/span><\/span>\n<\/a><a href=\"?add-to-cart=2803\" aria-describedby=\"woocommerce_loop_add_to_cart_link_describedby_2803\" data-quantity=\"1\" class=\"button product_type_simple add_to_cart_button ajax_add_to_cart\" data-product_id=\"2803\" data-product_sku=\"PhCandle300-003\" aria-label=\"Add to cart: &ldquo;MONTAGNE&rdquo;\" rel=\"nofollow\" data-success_message=\"&ldquo;MONTAGNE&rdquo; has been added to your cart\">Add to cart<\/a>\t<span id=\"woocommerce_loop_add_to_cart_link_describedby_2803\" class=\"screen-reader-text\">\n\t\t\t<\/span>\n<span class=\"gtm4wp_productdata\" style=\"display:none; visibility:hidden;\" data-gtm4wp_product_data=\"{&quot;internal_id&quot;:2803,&quot;item_id&quot;:2803,&quot;item_name&quot;:&quot;MONTAGNE&quot;,&quot;sku&quot;:&quot;PhCandle300-003&quot;,&quot;price&quot;:58,&quot;stocklevel&quot;:null,&quot;stockstatus&quot;:&quot;instock&quot;,&quot;google_business_vertical&quot;:&quot;retail&quot;,&quot;item_category&quot;:&quot;\\u201cBauhaus\\u201d Candles - 300 g&quot;,&quot;id&quot;:2803,&quot;productlink&quot;:&quot;https:\\\/\\\/phaedonparis.com\\\/en\\\/shop\\\/montagne-2\\\/&quot;,&quot;item_list_name&quot;:&quot;General Product List&quot;,&quot;index&quot;:2,&quot;product_type&quot;:&quot;simple&quot;,&quot;item_brand&quot;:&quot;&quot;}\"><\/span><div class=\"woocommerce-loop-product__cat\"><a class=\"woocommerce-loop-product__link\" href=\"https:\/\/phaedonparis.com\/en\/collection-parfum\/scented-candles-en\/bauhaus-candles-300-g\/\" title=\"\u201cBauhaus\u201d Candle - 300 g\">\u201cBauhaus\u201d Candle - 300 g<\/a><\/div><\/li>\n<\/ul>\n<\/div>[\/vc_column][\/vc_row][vc_row full_width=&#8221;stretch_row&#8221; content_placement=&#8221;middle&#8221; css=&#8221;.vc_custom_1601023992149{margin-bottom: 50px !important;}&#8221;][vc_column width=&#8221;1\/3&#8243;][\/vc_column][vc_column width=&#8221;1\/3&#8243;]<div class=\"text-center\">\n  <a class=\"btn btn-ph mb-5 mb-lg-3 mb-xl-0   \" href=\"https:\/\/phaedonparis.com\/en\/collection-parfum\/scented-candles-en\/\">\n    Discover our Scented Candles\n  <\/a>\n<\/div>\n[\/vc_column][vc_column width=&#8221;1\/3&#8243;][\/vc_column][\/vc_row][vc_row][vc_column][vc_column_text]<\/p>\n<p style=\"text-align: center;\"><span style=\"color: #ffffff;\"><a style=\"color: #ffffff;\" href=\"http:\/\/www.haramens.com\/25-phaedon-paris.html\">http:\/\/www.haramens.com\/25-phaedon-paris.html<\/a><\/span><\/p>\n<p>[\/vc_column_text][\/vc_column][\/vc_row]<\/p>\n","protected":false},"excerpt":{"rendered":"<p>[vc_row full_width=&#8221;stretch_row_content_no_spaces&#8221; css=&#8221;.vc_custom_1602602290257{margin-bottom: 70px !important;}&#8221;][vc_column][\/vc_column][\/vc_row][vc_row css=&#8221;.vc_custom_1600341046541{margin-bottom: 70px !important;}&#8221;][vc_column][\/vc_column][\/vc_row][vc_row full_width=&#8221;stretch_row&#8221; css=&#8221;.vc_custom_1600773716866{padding-top: 50px !important;padding-bottom: 70px !important;background-color: #c4b29e !important;}&#8221;][vc_column][vc_column_text css_animation=&#8221;fadeInUp&#8221;] \u201c L&#8217;\u00e9nergie d\u00e9borde des \u00eatres comme les larmes de r\u00e9sine perlent du tronc du pin. Sylvain Tesson [\/vc_column_text][\/vc_column][\/vc_row][vc_row full_width=&#8221;stretch_row&#8221; content_placement=&#8221;middle&#8221; css=&#8221;.vc_custom_1600853873193{margin-top: 50px !important;margin-bottom: 50px !important;}&#8221;][vc_column width=&#8221;1\/2&#8243;][vc_column_text] Bougie \u201cParisienne\u201d 190 g From the forests of the Landes to the &hellip;<br \/><a href=\"https:\/\/phaedonparis.com\/en\/pheadon-paris-selection-winter-scented-candles\/\">Continued<\/a><\/p>\n","protected":false},"author":2,"featured_media":4031,"parent":0,"menu_order":0,"comment_status":"closed","ping_status":"closed","template":"","meta":{"footnotes":""},"class_list":["post-4012","page","type-page","status-publish","has-post-thumbnail","hentry"],"acf":[],"yoast_head":"<!-- This site is optimized with the Yoast SEO plugin v24.7 - https:\/\/yoast.com\/wordpress\/plugins\/seo\/ -->\n<title>Pheadon Paris - Parisienne 190g and Bauhaus 300g Scented Candles<\/title>\n<meta name=\"description\" content=\"PHAEDON PARIS offers you a selection of scented, diffusing and comforting candles for this winter. Let&#039;s discover our 190g and 300G candles !\" \/>\n<meta name=\"robots\" content=\"index, follow, max-snippet:-1, max-image-preview:large, max-video-preview:-1\" \/>\n<link rel=\"canonical\" href=\"https:\/\/phaedonparis.com\/en\/pheadon-paris-se\u2026-scented-candles\/\" \/>\n<meta property=\"og:locale\" content=\"en_US\" \/>\n<meta property=\"og:type\" content=\"article\" \/>\n<meta property=\"og:title\" content=\"Pheadon Paris - Parisienne 190g and Bauhaus 300g Scented Candles\" \/>\n<meta property=\"og:description\" content=\"PHAEDON PARIS offers you a selection of scented, diffusing and comforting candles for this winter. Let&#039;s discover our 190g and 300G candles !\" \/>\n<meta property=\"og:url\" content=\"https:\/\/phaedonparis.com\/en\/pheadon-paris-se\u2026-scented-candles\/\" \/>\n<meta property=\"og:site_name\" content=\"Phaedon Paris\" \/>\n<meta property=\"article:publisher\" content=\"https:\/\/www.facebook.com\/phaedonparis\" \/>\n<meta property=\"article:modified_time\" content=\"2021-12-30T10:22:26+00:00\" \/>\n<meta property=\"og:image\" content=\"https:\/\/phaedonparis.com\/app\/uploads\/2021\/12\/Phaedon_Winter_Chapitre.jpg\" \/>\n\t<meta property=\"og:image:width\" content=\"1900\" \/>\n\t<meta property=\"og:image:height\" content=\"870\" \/>\n\t<meta property=\"og:image:type\" content=\"image\/jpeg\" \/>\n<meta name=\"twitter:card\" content=\"summary_large_image\" \/>\n<meta name=\"twitter:label1\" content=\"Est. reading time\" \/>\n\t<meta name=\"twitter:data1\" content=\"2 minutes\" \/>\n<script type=\"application\/ld+json\" class=\"yoast-schema-graph\">{\"@context\":\"https:\/\/schema.org\",\"@graph\":[{\"@type\":\"WebPage\",\"@id\":\"https:\/\/phaedonparis.com\/en\/pheadon-paris-selection-winter-scented-candles\/\",\"url\":\"https:\/\/phaedonparis.com\/en\/pheadon-paris-se%e2%80%a6-scented-candles\/\",\"name\":\"Pheadon Paris - Parisienne 190g and Bauhaus 300g Scented Candles\",\"isPartOf\":{\"@id\":\"\/#website\"},\"primaryImageOfPage\":{\"@id\":\"https:\/\/phaedonparis.com\/en\/pheadon-paris-se%e2%80%a6-scented-candles\/#primaryimage\"},\"image\":{\"@id\":\"https:\/\/phaedonparis.com\/en\/pheadon-paris-se%e2%80%a6-scented-candles\/#primaryimage\"},\"thumbnailUrl\":\"https:\/\/phaedonparis.com\/app\/uploads\/2021\/12\/Phaedon_Winter_Chapitre.jpg\",\"datePublished\":\"2021-12-29T05:23:03+00:00\",\"dateModified\":\"2021-12-30T10:22:26+00:00\",\"description\":\"PHAEDON PARIS offers you a selection of scented, diffusing and comforting candles for this winter. Let's discover our 190g and 300G candles !\",\"breadcrumb\":{\"@id\":\"https:\/\/phaedonparis.com\/en\/pheadon-paris-se%e2%80%a6-scented-candles\/#breadcrumb\"},\"inLanguage\":\"en-US\",\"potentialAction\":[{\"@type\":\"ReadAction\",\"target\":[\"https:\/\/phaedonparis.com\/en\/pheadon-paris-se%e2%80%a6-scented-candles\/\"]}]},{\"@type\":\"ImageObject\",\"inLanguage\":\"en-US\",\"@id\":\"https:\/\/phaedonparis.com\/en\/pheadon-paris-se%e2%80%a6-scented-candles\/#primaryimage\",\"url\":\"https:\/\/phaedonparis.com\/app\/uploads\/2021\/12\/Phaedon_Winter_Chapitre.jpg\",\"contentUrl\":\"https:\/\/phaedonparis.com\/app\/uploads\/2021\/12\/Phaedon_Winter_Chapitre.jpg\",\"width\":1900,\"height\":870,\"caption\":\"Phaedon-Paris-Parfumeur-Voyageur-Scented candles-190g-300g\"},{\"@type\":\"BreadcrumbList\",\"@id\":\"https:\/\/phaedonparis.com\/en\/pheadon-paris-se%e2%80%a6-scented-candles\/#breadcrumb\",\"itemListElement\":[{\"@type\":\"ListItem\",\"position\":1,\"name\":\"Home\",\"item\":\"https:\/\/phaedonparis.com\/en\/\"},{\"@type\":\"ListItem\",\"position\":2,\"name\":\"Pheadon Paris &#8211; Selection &#8211; Winter &#8211; Scented Candles\"}]},{\"@type\":\"WebSite\",\"@id\":\"\/#website\",\"url\":\"\/\",\"name\":\"Phaedon Paris\",\"description\":\"\",\"publisher\":{\"@id\":\"\/#organization\"},\"potentialAction\":[{\"@type\":\"SearchAction\",\"target\":{\"@type\":\"EntryPoint\",\"urlTemplate\":\"\/?s={search_term_string}\"},\"query-input\":{\"@type\":\"PropertyValueSpecification\",\"valueRequired\":true,\"valueName\":\"search_term_string\"}}],\"inLanguage\":\"en-US\"},{\"@type\":\"Organization\",\"@id\":\"\/#organization\",\"name\":\"Phaedon Paris\",\"url\":\"\/\",\"logo\":{\"@type\":\"ImageObject\",\"inLanguage\":\"en-US\",\"@id\":\"\/#\/schema\/logo\/image\/\",\"url\":\"https:\/\/phaedonparis.com\/app\/uploads\/2020\/09\/PHAEDON_BLC-2.png\",\"contentUrl\":\"https:\/\/phaedonparis.com\/app\/uploads\/2020\/09\/PHAEDON_BLC-2.png\",\"width\":600,\"height\":300,\"caption\":\"Phaedon Paris\"},\"image\":{\"@id\":\"\/#\/schema\/logo\/image\/\"},\"sameAs\":[\"https:\/\/www.facebook.com\/phaedonparis\",\"https:\/\/www.instagram.com\/phaedonparis\/\"]}]}<\/script>\n<!-- \/ Yoast SEO plugin. -->","yoast_head_json":{"title":"Pheadon Paris - Parisienne 190g and Bauhaus 300g Scented Candles","description":"PHAEDON PARIS offers you a selection of scented, diffusing and comforting candles for this winter. Let's discover our 190g and 300G candles !","robots":{"index":"index","follow":"follow","max-snippet":"max-snippet:-1","max-image-preview":"max-image-preview:large","max-video-preview":"max-video-preview:-1"},"canonical":"https:\/\/phaedonparis.com\/en\/pheadon-paris-se\u2026-scented-candles\/","og_locale":"en_US","og_type":"article","og_title":"Pheadon Paris - Parisienne 190g and Bauhaus 300g Scented Candles","og_description":"PHAEDON PARIS offers you a selection of scented, diffusing and comforting candles for this winter. Let's discover our 190g and 300G candles !","og_url":"https:\/\/phaedonparis.com\/en\/pheadon-paris-se\u2026-scented-candles\/","og_site_name":"Phaedon Paris","article_publisher":"https:\/\/www.facebook.com\/phaedonparis","article_modified_time":"2021-12-30T10:22:26+00:00","og_image":[{"width":1900,"height":870,"url":"https:\/\/phaedonparis.com\/app\/uploads\/2021\/12\/Phaedon_Winter_Chapitre.jpg","type":"image\/jpeg"}],"twitter_card":"summary_large_image","twitter_misc":{"Est. reading time":"2 minutes"},"schema":{"@context":"https:\/\/schema.org","@graph":[{"@type":"WebPage","@id":"https:\/\/phaedonparis.com\/en\/pheadon-paris-selection-winter-scented-candles\/","url":"https:\/\/phaedonparis.com\/en\/pheadon-paris-se%e2%80%a6-scented-candles\/","name":"Pheadon Paris - Parisienne 190g and Bauhaus 300g Scented Candles","isPartOf":{"@id":"\/#website"},"primaryImageOfPage":{"@id":"https:\/\/phaedonparis.com\/en\/pheadon-paris-se%e2%80%a6-scented-candles\/#primaryimage"},"image":{"@id":"https:\/\/phaedonparis.com\/en\/pheadon-paris-se%e2%80%a6-scented-candles\/#primaryimage"},"thumbnailUrl":"https:\/\/phaedonparis.com\/app\/uploads\/2021\/12\/Phaedon_Winter_Chapitre.jpg","datePublished":"2021-12-29T05:23:03+00:00","dateModified":"2021-12-30T10:22:26+00:00","description":"PHAEDON PARIS offers you a selection of scented, diffusing and comforting candles for this winter. Let's discover our 190g and 300G candles !","breadcrumb":{"@id":"https:\/\/phaedonparis.com\/en\/pheadon-paris-se%e2%80%a6-scented-candles\/#breadcrumb"},"inLanguage":"en-US","potentialAction":[{"@type":"ReadAction","target":["https:\/\/phaedonparis.com\/en\/pheadon-paris-se%e2%80%a6-scented-candles\/"]}]},{"@type":"ImageObject","inLanguage":"en-US","@id":"https:\/\/phaedonparis.com\/en\/pheadon-paris-se%e2%80%a6-scented-candles\/#primaryimage","url":"https:\/\/phaedonparis.com\/app\/uploads\/2021\/12\/Phaedon_Winter_Chapitre.jpg","contentUrl":"https:\/\/phaedonparis.com\/app\/uploads\/2021\/12\/Phaedon_Winter_Chapitre.jpg","width":1900,"height":870,"caption":"Phaedon-Paris-Parfumeur-Voyageur-Scented candles-190g-300g"},{"@type":"BreadcrumbList","@id":"https:\/\/phaedonparis.com\/en\/pheadon-paris-se%e2%80%a6-scented-candles\/#breadcrumb","itemListElement":[{"@type":"ListItem","position":1,"name":"Home","item":"https:\/\/phaedonparis.com\/en\/"},{"@type":"ListItem","position":2,"name":"Pheadon Paris &#8211; Selection &#8211; Winter &#8211; Scented Candles"}]},{"@type":"WebSite","@id":"\/#website","url":"\/","name":"Phaedon Paris","description":"","publisher":{"@id":"\/#organization"},"potentialAction":[{"@type":"SearchAction","target":{"@type":"EntryPoint","urlTemplate":"\/?s={search_term_string}"},"query-input":{"@type":"PropertyValueSpecification","valueRequired":true,"valueName":"search_term_string"}}],"inLanguage":"en-US"},{"@type":"Organization","@id":"\/#organization","name":"Phaedon Paris","url":"\/","logo":{"@type":"ImageObject","inLanguage":"en-US","@id":"\/#\/schema\/logo\/image\/","url":"https:\/\/phaedonparis.com\/app\/uploads\/2020\/09\/PHAEDON_BLC-2.png","contentUrl":"https:\/\/phaedonparis.com\/app\/uploads\/2020\/09\/PHAEDON_BLC-2.png","width":600,"height":300,"caption":"Phaedon Paris"},"image":{"@id":"\/#\/schema\/logo\/image\/"},"sameAs":["https:\/\/www.facebook.com\/phaedonparis","https:\/\/www.instagram.com\/phaedonparis\/"]}]}},"_links":{"self":[{"href":"https:\/\/phaedonparis.com\/en\/wp-json\/wp\/v2\/pages\/4012","targetHints":{"allow":["GET"]}}],"collection":[{"href":"https:\/\/phaedonparis.com\/en\/wp-json\/wp\/v2\/pages"}],"about":[{"href":"https:\/\/phaedonparis.com\/en\/wp-json\/wp\/v2\/types\/page"}],"author":[{"embeddable":true,"href":"https:\/\/phaedonparis.com\/en\/wp-json\/wp\/v2\/users\/2"}],"replies":[{"embeddable":true,"href":"https:\/\/phaedonparis.com\/en\/wp-json\/wp\/v2\/comments?post=4012"}],"version-history":[{"count":16,"href":"https:\/\/phaedonparis.com\/en\/wp-json\/wp\/v2\/pages\/4012\/revisions"}],"predecessor-version":[{"id":4065,"href":"https:\/\/phaedonparis.com\/en\/wp-json\/wp\/v2\/pages\/4012\/revisions\/4065"}],"wp:featuredmedia":[{"embeddable":true,"href":"https:\/\/phaedonparis.com\/en\/wp-json\/wp\/v2\/media\/4031"}],"wp:attachment":[{"href":"https:\/\/phaedonparis.com\/en\/wp-json\/wp\/v2\/media?parent=4012"}],"curies":[{"name":"wp","href":"https:\/\/api.w.org\/{rel}","templated":true}]}}