{"id":5332,"date":"2025-03-13T15:36:03","date_gmt":"2025-03-13T14:36:03","guid":{"rendered":"https:\/\/phaedonparis.com\/?page_id=5332"},"modified":"2025-04-07T09:21:32","modified_gmt":"2025-04-07T07:21:32","slug":"phaesus-eau-de-parfum-marine-sandalwood","status":"publish","type":"page","link":"https:\/\/phaedonparis.com\/en\/phaesus-eau-de-parfum-marine-sandalwood\/","title":{"rendered":"Phaesus, Eau de Parfum &#8211; An olfactory journey to the island of Sumba"},"content":{"rendered":"<p>[vc_row full_width=&#8221;stretch_row_content_no_spaces&#8221; css=&#8221;.vc_custom_1602602290257{margin-bottom: 70px !important;}&#8221;][vc_column]<div class=\"full-width symbol-up symbol-down\">\n  <img loading=\"lazy\" decoding=\"async\" width=\"1900\" height=\"870\" src=\"https:\/\/phaedonparis.com\/app\/uploads\/2025\/03\/Phaedon-Paris-categorie-Header-1900x870-1.jpg\" class=\"img-fluid-real\" alt=\"Phaedon Paris-Parfumeur voyageur, Chasseur d\u2019odeurs, propose des eaux de toilette, des eaux de parfum, des parfums pour la maison, des bougies Made in France. Phaedon Paris-Parfumeur voyageur, odor hunter, offers eaux de toilette, eaux de parfum, home fragrances and Made in France candles.\" srcset=\"https:\/\/phaedonparis.com\/app\/uploads\/2025\/03\/Phaedon-Paris-categorie-Header-1900x870-1.jpg 1900w, https:\/\/phaedonparis.com\/app\/uploads\/2025\/03\/Phaedon-Paris-categorie-Header-1900x870-1-300x137.jpg 300w, https:\/\/phaedonparis.com\/app\/uploads\/2025\/03\/Phaedon-Paris-categorie-Header-1900x870-1-1024x469.jpg 1024w, https:\/\/phaedonparis.com\/app\/uploads\/2025\/03\/Phaedon-Paris-categorie-Header-1900x870-1-768x352.jpg 768w, https:\/\/phaedonparis.com\/app\/uploads\/2025\/03\/Phaedon-Paris-categorie-Header-1900x870-1-1536x703.jpg 1536w, https:\/\/phaedonparis.com\/app\/uploads\/2025\/03\/Phaedon-Paris-categorie-Header-1900x870-1-125x57.jpg 125w, https:\/\/phaedonparis.com\/app\/uploads\/2025\/03\/Phaedon-Paris-categorie-Header-1900x870-1-600x275.jpg 600w, https:\/\/phaedonparis.com\/app\/uploads\/2025\/03\/Phaedon-Paris-categorie-Header-1900x870-1-64x29.jpg 64w\" sizes=\"auto, (max-width: 1900px) 100vw, 1900px\" \/>\n<\/div>\n[\/vc_column][\/vc_row][vc_row css=&#8221;.vc_custom_1600341046541{margin-bottom: 70px !important;}&#8221;][vc_column]<div class=\"pg-title  text-center\">\n        <h2 style=\"font-size: 58px\" class=\"font-extrabold\">Phaesus<\/h2>\n          <div class=\"title__subtitle \" style=\"font-size: 42px\">\n        An olfactory journey to the island of Sumba\u2026\n      <\/div>\n      <\/div>\n\n[\/vc_column][\/vc_row][vc_row full_width=&#8221;stretch_row&#8221; css=&#8221;.vc_custom_1600773716866{padding-top: 50px !important;padding-bottom: 70px !important;background-color: #c4b29e !important;}&#8221;][vc_column][vc_column_text css_animation=&#8221;fadeInUp&#8221;]<\/p>\n<h3 style=\"text-align: center;\"><span style=\"font-size: 68pt;\">\u201c<\/span><\/h3>\n<h3 style=\"text-align: center;\"><span style=\"font-size: 30pt;\"><em><strong>Le foin n&#8217;a pas la m\u00eame odeur,<br \/>\npour les chevaux et pour les amoureux.<br \/>\n<\/strong><\/em><\/span><span style=\"font-size: 30pt;\"><em><span style=\"color: black; font-size: medium;\"><strong>Jean Dion<\/strong><\/span><\/em><\/span><strong><span style=\"font-size: 30pt;\"><i><br \/>\n<\/i><\/span><\/strong><\/h3>\n<p>[\/vc_column_text][\/vc_column][\/vc_row][vc_row full_width=&#8221;stretch_row&#8221; content_placement=&#8221;middle&#8221; css=&#8221;.vc_custom_1600853873193{margin-top: 50px !important;margin-bottom: 50px !important;}&#8221;][vc_column width=&#8221;1\/3&#8243;]<div class=\"pg-title  text-left\">\n        <h2 style=\"font-size: 34px\" class=\"font-bold\">A Marine Sandalwood\u2026<\/h2>\n      <\/div>\n\n[vc_column_text]<em>Floral Woody, Marine, Slightly Animalic<\/em><\/p>\n<p><strong>Inspiration: <\/strong>Facing the Indian Ocean, the island of <a href=\"https:\/\/fr.wikipedia.org\/wiki\/Sumba_(Indon%C3%A9sie)\"><strong>Sumba<\/strong><\/a> located near the island of Komodo, in the province of the Lesser Sunda Islands, has been known for centuries as <strong>the island of sandalwood<\/strong>. The island is home to <a href=\"https:\/\/fr.wikipedia.org\/wiki\/Sandalwood_(cheval)\"><strong>one of Indonesia&#8217;s most beautiful breeds of horse<\/strong><\/a>: the <strong>Sumba<\/strong>, also known as the <strong>Sandalwood Pony<\/strong>. At dawn or sunset, beyond the lush vegetation of the <strong>frangipani<\/strong>-lined Indonesian jungle, the beach at Nihiwatu becomes the playground of the Sumba horses. At the end of their wild runs they love to cool off in the water and under the effect of the swell, their hooves leave the ground, they then begin to swim in the ocean offering mankind a timeless spectacle.<\/p>\n<p><strong>The name:<\/strong> <strong>PHAE<\/strong>DON + <strong>SU<\/strong>MBA + <strong>S<\/strong>ANDALWOOD<\/p>\n<p><strong>The notes:\u00a0<\/strong><em><a href=\"https:\/\/phaedonparis.com\/en\/perfume-facette\/exotic-en\/\">Litchee<\/a>, Frangipani flower, <a href=\"https:\/\/phaedonparis.com\/en\/perfume-facette\/sandalwood-en\/\">Sandalwood<\/a>, Sap &amp; <a href=\"https:\/\/phaedonparis.com\/en\/perfume-facette\/intense-en\/\">Wood<\/a>, E<a href=\"https:\/\/phaedonparis.com\/en\/perfume-facette\/animal-en\/\">cume (seafoam) de Cheval<\/a> (literally \u201chorse foam\u201d means \u201chorse sweat perspiration\u201d), a slightkly animalic, <a href=\"https:\/\/phaedonparis.com\/en\/perfume-facette\/aquatic\/\">salty<\/a> and horse\u2019s mane like note.<\/em>[\/vc_column_text]<div class=\"text-\">\n  <a class=\"btn btn-ph mb-5 mb-lg-3 mb-xl-0   \" href=\"https:\/\/phaedonparis.com\/en\/shop\/phaesus-marine-sandalwood-eau-de-parfum\/\">\n    Purchase\n  <\/a>\n<\/div>\n[\/vc_column][vc_column width=&#8221;2\/3&#8243;][vc_single_image image=&#8221;5336&#8243; img_size=&#8221;full&#8221; alignment=&#8221;center&#8221;][\/vc_column][\/vc_row][vc_row full_width=&#8221;stretch_row&#8221; gap=&#8221;10&#8243; content_placement=&#8221;middle&#8221; css=&#8221;.vc_custom_1600962865830{margin-top: 50px !important;margin-bottom: 50px !important;background-image: url(https:\/\/phaedonparis.com\/app\/uploads\/2020\/09\/fond_chouette-1.jpg?id=2291) !important;background-position: center !important;background-repeat: no-repeat !important;background-size: cover !important;}&#8221;][vc_column width=&#8221;1\/2&#8243;][vc_single_image image=&#8221;5320&#8243; img_size=&#8221;large&#8221;][\/vc_column][vc_column width=&#8221;1\/2&#8243;]<div class=\"pg-title  text-left\">\n        <h2 style=\"font-size: 34px\" class=\"font-bold\">Note de voyage<\/h2>\n          <div class=\"title__subtitle font-book\" style=\"font-size: 26px\">\n        Frangipani, flower of the gods\n      <\/div>\n      <\/div>\n\n[vc_column_text]<\/p>\n<div class=\"travel_content\">\n<p>Frangipani is a shrub also known as <em>Plumeria<\/em>. The common name \u2018frangipani\u2019 comes from a <a href=\"https:\/\/fr.wikipedia.org\/wiki\/XVIe_si%C3%A8cle\">16th-century<\/a> Italian marquis, <a href=\"https:\/\/fr.wikipedia.org\/wiki\/Frangipani\"><em>Muzio Frangipani<\/em><\/a>, who created an almond-based perfume for gloves. The fragrance of the frangipani flowers was said to recall that of his perfumed gloves. Later, this name was given to almond-based preparations (the frangipane in the galette des rois, for example).<\/p>\n<\/div>\n<p>[\/vc_column_text][\/vc_column][\/vc_row][vc_row full_width=&#8221;stretch_row_content&#8221; content_placement=&#8221;middle&#8221; css=&#8221;.vc_custom_1600963122702{margin-top: 50px !important;margin-bottom: 50px !important;background-image: url(https:\/\/phaedonparis.com\/app\/uploads\/2020\/09\/paper.jpg?id=2020) !important;background-position: center !important;background-repeat: no-repeat !important;background-size: cover !important;}&#8221;][vc_column]<div class=\"woocommerce \"><ul class=\"products columns-4\">\n<li class=\"product type-product post-5314 status-publish first instock product_cat-eaux-de-parfum-pheadon-paris-en product_cat-perfumes-en product_tag-animal-en product_tag-aquatic product_tag-exotic-en product_tag-floral-soft-en product_tag-fresh product_tag-intense-en product_tag-salt-en product_tag-sandalwood-en has-post-thumbnail taxable shipping-taxable purchasable product-type-variable\">\n\t<a href=\"https:\/\/phaedonparis.com\/en\/shop\/phaesus-marine-sandalwood-eau-de-parfum\/\" class=\"woocommerce-LoopProduct-link woocommerce-loop-product__link\"><div class=\"ph_thumbnail_wrapper\"><img loading=\"lazy\" decoding=\"async\" src=\"https:\/\/phaedonparis.com\/app\/uploads\/2025\/03\/Phaedon-Paris-Phaesus-Eau-de-parfum-Litchee-Frangipanier-Santal-Seve-Bois-Ecume-de-Cheval-Ocean-Hover-500x500.png\" alt=\"PHAESUS\" width=\"500\" height=\"500\" class=\"ph_artwork\" \/><img loading=\"lazy\" decoding=\"async\" width=\"624\" height=\"1200\" src=\"https:\/\/phaedonparis.com\/app\/uploads\/2025\/03\/Phaedon-Paris-Phaesus-Eau-de-parfum-100ml-Litchee-Frangipanier-Santal-Seve-Bois-Ecume-de-Cheval-Ocean.png\" class=\"ph_product wp-post-image\" alt=\"Phaesus, Eau de Parfum, Bouteille - 100ml, Litchee, Frangipanier, Santal, S\u00e8ve &amp; Bois, \u00c9cume de Cheval (transpiration du cheval) &amp; Oc\u00e9an. Phaesus, Eau de Parfum, Bottle - 100ml, Litchee, Frangipani, Sandalwood, Sap &amp; Wood, Horse Foam (horse sweat) &amp; Ocean.\" srcset=\"https:\/\/phaedonparis.com\/app\/uploads\/2025\/03\/Phaedon-Paris-Phaesus-Eau-de-parfum-100ml-Litchee-Frangipanier-Santal-Seve-Bois-Ecume-de-Cheval-Ocean.png 624w, https:\/\/phaedonparis.com\/app\/uploads\/2025\/03\/Phaedon-Paris-Phaesus-Eau-de-parfum-100ml-Litchee-Frangipanier-Santal-Seve-Bois-Ecume-de-Cheval-Ocean-156x300.png 156w, https:\/\/phaedonparis.com\/app\/uploads\/2025\/03\/Phaedon-Paris-Phaesus-Eau-de-parfum-100ml-Litchee-Frangipanier-Santal-Seve-Bois-Ecume-de-Cheval-Ocean-532x1024.png 532w, https:\/\/phaedonparis.com\/app\/uploads\/2025\/03\/Phaedon-Paris-Phaesus-Eau-de-parfum-100ml-Litchee-Frangipanier-Santal-Seve-Bois-Ecume-de-Cheval-Ocean-52x100.png 52w, https:\/\/phaedonparis.com\/app\/uploads\/2025\/03\/Phaedon-Paris-Phaesus-Eau-de-parfum-100ml-Litchee-Frangipanier-Santal-Seve-Bois-Ecume-de-Cheval-Ocean-300x577.png 300w, https:\/\/phaedonparis.com\/app\/uploads\/2025\/03\/Phaedon-Paris-Phaesus-Eau-de-parfum-100ml-Litchee-Frangipanier-Santal-Seve-Bois-Ecume-de-Cheval-Ocean-600x1154.png 600w, https:\/\/phaedonparis.com\/app\/uploads\/2025\/03\/Phaedon-Paris-Phaesus-Eau-de-parfum-100ml-Litchee-Frangipanier-Santal-Seve-Bois-Ecume-de-Cheval-Ocean-64x123.png 64w\" sizes=\"auto, (max-width: 624px) 100vw, 624px\" \/><\/div><h2 class=\"woocommerce-loop-product__title\">PHAESUS<\/h2>\n\t<span class=\"price\">From: <span class=\"woocommerce-Price-amount amount\"><bdi>105,00<span class=\"woocommerce-Price-currencySymbol\">&euro;<\/span><\/bdi><\/span><\/span>\n<\/a><a href=\"https:\/\/phaedonparis.com\/en\/shop\/phaesus-marine-sandalwood-eau-de-parfum\/\" aria-describedby=\"woocommerce_loop_add_to_cart_link_describedby_5314\" data-quantity=\"1\" class=\"button product_type_variable add_to_cart_button\" data-product_id=\"5314\" data-product_sku=\"PhEDP013\" aria-label=\"Select options for &ldquo;PHAESUS&rdquo;\" rel=\"nofollow\">Select options<\/a>\t<span id=\"woocommerce_loop_add_to_cart_link_describedby_5314\" class=\"screen-reader-text\">\n\t\tThis product has multiple variants. The options may be chosen on the product page\t<\/span>\n<span class=\"gtm4wp_productdata\" style=\"display:none; visibility:hidden;\" data-gtm4wp_product_data=\"{&quot;internal_id&quot;:5314,&quot;item_id&quot;:5314,&quot;item_name&quot;:&quot;PHAESUS&quot;,&quot;sku&quot;:&quot;PhEDP013&quot;,&quot;price&quot;:105,&quot;stocklevel&quot;:null,&quot;stockstatus&quot;:&quot;instock&quot;,&quot;google_business_vertical&quot;:&quot;retail&quot;,&quot;item_category&quot;:&quot;Eaux de parfum&quot;,&quot;id&quot;:5314,&quot;productlink&quot;:&quot;https:\\\/\\\/phaedonparis.com\\\/en\\\/shop\\\/phaesus-marine-sandalwood-eau-de-parfum\\\/&quot;,&quot;item_list_name&quot;:&quot;General Product List&quot;,&quot;index&quot;:1,&quot;product_type&quot;:&quot;variable&quot;,&quot;item_brand&quot;:&quot;&quot;}\"><\/span><div class=\"woocommerce-loop-product__cat\"><a class=\"woocommerce-loop-product__link\" href=\"https:\/\/phaedonparis.com\/en\/collection-parfum\/perfumes-en\/eaux-de-parfum-pheadon-paris-en\/\" title=\"Eau de parfum\">Eau de parfum<\/a><\/div><\/li>\n<\/ul>\n<\/div>[\/vc_column][\/vc_row][vc_row full_width=&#8221;stretch_row&#8221; content_placement=&#8221;middle&#8221; css=&#8221;.vc_custom_1601023992149{margin-bottom: 50px !important;}&#8221;][vc_column width=&#8221;1\/3&#8243;][\/vc_column][vc_column width=&#8221;1\/3&#8243;]<div class=\"text-center\">\n  <a class=\"btn btn-ph mb-5 mb-lg-3 mb-xl-0   \" href=\"https:\/\/phaedonparis.com\/en\/collection-parfum\/perfumes-en\/eaux-de-parfum-pheadon-paris-en\/\">\n    Discover our Eaux de Parfum\n  <\/a>\n<\/div>\n[\/vc_column][vc_column width=&#8221;1\/3&#8243;][\/vc_column][\/vc_row]<\/p>\n","protected":false},"excerpt":{"rendered":"<p>[vc_row full_width=&#8221;stretch_row_content_no_spaces&#8221; css=&#8221;.vc_custom_1602602290257{margin-bottom: 70px !important;}&#8221;][vc_column][\/vc_column][\/vc_row][vc_row css=&#8221;.vc_custom_1600341046541{margin-bottom: 70px !important;}&#8221;][vc_column][\/vc_column][\/vc_row][vc_row full_width=&#8221;stretch_row&#8221; css=&#8221;.vc_custom_1600773716866{padding-top: 50px !important;padding-bottom: 70px !important;background-color: #c4b29e !important;}&#8221;][vc_column][vc_column_text css_animation=&#8221;fadeInUp&#8221;] \u201c Le foin n&#8217;a pas la m\u00eame odeur, pour les chevaux et pour les amoureux. Jean Dion [\/vc_column_text][\/vc_column][\/vc_row][vc_row full_width=&#8221;stretch_row&#8221; content_placement=&#8221;middle&#8221; css=&#8221;.vc_custom_1600853873193{margin-top: 50px !important;margin-bottom: 50px !important;}&#8221;][vc_column width=&#8221;1\/3&#8243;][vc_column_text]Floral Woody, Marine, Slightly Animalic Inspiration: Facing the Indian Ocean, the island of &hellip;<br \/><a href=\"https:\/\/phaedonparis.com\/en\/phaesus-eau-de-parfum-marine-sandalwood\/\">Continued<\/a><\/p>\n","protected":false},"author":2,"featured_media":5336,"parent":0,"menu_order":0,"comment_status":"closed","ping_status":"closed","template":"","meta":{"footnotes":""},"class_list":["post-5332","page","type-page","status-publish","has-post-thumbnail","hentry"],"acf":[],"yoast_head":"<!-- This site is optimized with the Yoast SEO plugin v24.7 - https:\/\/yoast.com\/wordpress\/plugins\/seo\/ -->\n<title>Eau de Parfum Marine Sandalwood, Floral, Animalic I Phaesus<\/title>\n<meta name=\"description\" content=\"Phaesus, a marine sandalwood Eau de Parfum by PHAEDON PARIS: an olfactory journey to the island of Sumba. Enjoy the Sandalwood horses\u2026\" \/>\n<meta name=\"robots\" content=\"index, follow, max-snippet:-1, max-image-preview:large, max-video-preview:-1\" \/>\n<link rel=\"canonical\" href=\"https:\/\/phaedonparis.com\/en\/phaesus-eau-de-parfum-marine-sandalwood\/\" \/>\n<meta property=\"og:locale\" content=\"en_US\" \/>\n<meta property=\"og:type\" content=\"article\" \/>\n<meta property=\"og:title\" content=\"Eau de Parfum Marine Sandalwood, Floral, Animalic I Phaesus\" \/>\n<meta property=\"og:description\" content=\"Phaesus, a marine sandalwood Eau de Parfum by PHAEDON PARIS: an olfactory journey to the island of Sumba. Enjoy the Sandalwood horses\u2026\" \/>\n<meta property=\"og:url\" content=\"https:\/\/phaedonparis.com\/en\/phaesus-eau-de-parfum-marine-sandalwood\/\" \/>\n<meta property=\"og:site_name\" content=\"Phaedon Paris\" \/>\n<meta property=\"article:publisher\" content=\"https:\/\/www.facebook.com\/phaedonparis\" \/>\n<meta property=\"article:modified_time\" content=\"2025-04-07T07:21:32+00:00\" \/>\n<meta property=\"og:image\" content=\"https:\/\/phaedonparis.com\/app\/uploads\/2025\/03\/Phaedon-Paris-Phaesus-Eau-de-parfum-100ml-Litchee-Frangipanier-Santal-Seve-Bois-Ecume-de-Cheval-Ocean-Header-1024x924.png\" \/>\n\t<meta property=\"og:image:width\" content=\"1024\" \/>\n\t<meta property=\"og:image:height\" content=\"924\" \/>\n\t<meta property=\"og:image:type\" content=\"image\/png\" \/>\n<meta name=\"twitter:card\" content=\"summary_large_image\" \/>\n<meta name=\"twitter:label1\" content=\"Est. reading time\" \/>\n\t<meta name=\"twitter:data1\" content=\"3 minutes\" \/>\n<script type=\"application\/ld+json\" class=\"yoast-schema-graph\">{\"@context\":\"https:\/\/schema.org\",\"@graph\":[{\"@type\":\"WebPage\",\"@id\":\"https:\/\/phaedonparis.com\/en\/phaesus-eau-de-parfum-marine-sandalwood\/\",\"url\":\"https:\/\/phaedonparis.com\/en\/phaesus-eau-de-parfum-marine-sandalwood\/\",\"name\":\"Eau de Parfum Marine Sandalwood, Floral, Animalic I Phaesus\",\"isPartOf\":{\"@id\":\"\/#website\"},\"primaryImageOfPage\":{\"@id\":\"https:\/\/phaedonparis.com\/en\/phaesus-eau-de-parfum-marine-sandalwood\/#primaryimage\"},\"image\":{\"@id\":\"https:\/\/phaedonparis.com\/en\/phaesus-eau-de-parfum-marine-sandalwood\/#primaryimage\"},\"thumbnailUrl\":\"https:\/\/phaedonparis.com\/app\/uploads\/2025\/03\/Phaedon-Paris-Phaesus-Eau-de-parfum-100ml-Litchee-Frangipanier-Santal-Seve-Bois-Ecume-de-Cheval-Ocean-Header.png\",\"datePublished\":\"2025-03-13T14:36:03+00:00\",\"dateModified\":\"2025-04-07T07:21:32+00:00\",\"description\":\"Phaesus, a marine sandalwood Eau de Parfum by PHAEDON PARIS: an olfactory journey to the island of Sumba. Enjoy the Sandalwood horses\u2026\",\"breadcrumb\":{\"@id\":\"https:\/\/phaedonparis.com\/en\/phaesus-eau-de-parfum-marine-sandalwood\/#breadcrumb\"},\"inLanguage\":\"en-US\",\"potentialAction\":[{\"@type\":\"ReadAction\",\"target\":[\"https:\/\/phaedonparis.com\/en\/phaesus-eau-de-parfum-marine-sandalwood\/\"]}]},{\"@type\":\"ImageObject\",\"inLanguage\":\"en-US\",\"@id\":\"https:\/\/phaedonparis.com\/en\/phaesus-eau-de-parfum-marine-sandalwood\/#primaryimage\",\"url\":\"https:\/\/phaedonparis.com\/app\/uploads\/2025\/03\/Phaedon-Paris-Phaesus-Eau-de-parfum-100ml-Litchee-Frangipanier-Santal-Seve-Bois-Ecume-de-Cheval-Ocean-Header.png\",\"contentUrl\":\"https:\/\/phaedonparis.com\/app\/uploads\/2025\/03\/Phaedon-Paris-Phaesus-Eau-de-parfum-100ml-Litchee-Frangipanier-Santal-Seve-Bois-Ecume-de-Cheval-Ocean-Header.png\",\"width\":1663,\"height\":1500,\"caption\":\"Phaesus, Eau de Parfum, Bouteille - 100ml, Litchee, Frangipanier, Santal, S\u00e8ve & Bois, \u00c9cume de Cheval (transpiration du cheval) & Oc\u00e9an. Header Santal Marin. Phaesus, Eau de Parfum, Bottle - 100ml, Litchee, Frangipani, Sandalwood, Sap & Wood, Horse Foam (horse sweat) & Ocean. Atmosphere Header.\"},{\"@type\":\"BreadcrumbList\",\"@id\":\"https:\/\/phaedonparis.com\/en\/phaesus-eau-de-parfum-marine-sandalwood\/#breadcrumb\",\"itemListElement\":[{\"@type\":\"ListItem\",\"position\":1,\"name\":\"Home\",\"item\":\"https:\/\/phaedonparis.com\/en\/\"},{\"@type\":\"ListItem\",\"position\":2,\"name\":\"Phaesus, Eau de Parfum &#8211; An olfactory journey to the island of Sumba\"}]},{\"@type\":\"WebSite\",\"@id\":\"\/#website\",\"url\":\"\/\",\"name\":\"Phaedon Paris\",\"description\":\"\",\"publisher\":{\"@id\":\"\/#organization\"},\"potentialAction\":[{\"@type\":\"SearchAction\",\"target\":{\"@type\":\"EntryPoint\",\"urlTemplate\":\"\/?s={search_term_string}\"},\"query-input\":{\"@type\":\"PropertyValueSpecification\",\"valueRequired\":true,\"valueName\":\"search_term_string\"}}],\"inLanguage\":\"en-US\"},{\"@type\":\"Organization\",\"@id\":\"\/#organization\",\"name\":\"Phaedon Paris\",\"url\":\"\/\",\"logo\":{\"@type\":\"ImageObject\",\"inLanguage\":\"en-US\",\"@id\":\"\/#\/schema\/logo\/image\/\",\"url\":\"https:\/\/phaedonparis.com\/app\/uploads\/2020\/09\/PHAEDON_BLC-2.png\",\"contentUrl\":\"https:\/\/phaedonparis.com\/app\/uploads\/2020\/09\/PHAEDON_BLC-2.png\",\"width\":600,\"height\":300,\"caption\":\"Phaedon Paris\"},\"image\":{\"@id\":\"\/#\/schema\/logo\/image\/\"},\"sameAs\":[\"https:\/\/www.facebook.com\/phaedonparis\",\"https:\/\/www.instagram.com\/phaedonparis\/\"]}]}<\/script>\n<!-- \/ Yoast SEO plugin. -->","yoast_head_json":{"title":"Eau de Parfum Marine Sandalwood, Floral, Animalic I Phaesus","description":"Phaesus, a marine sandalwood Eau de Parfum by PHAEDON PARIS: an olfactory journey to the island of Sumba. Enjoy the Sandalwood horses\u2026","robots":{"index":"index","follow":"follow","max-snippet":"max-snippet:-1","max-image-preview":"max-image-preview:large","max-video-preview":"max-video-preview:-1"},"canonical":"https:\/\/phaedonparis.com\/en\/phaesus-eau-de-parfum-marine-sandalwood\/","og_locale":"en_US","og_type":"article","og_title":"Eau de Parfum Marine Sandalwood, Floral, Animalic I Phaesus","og_description":"Phaesus, a marine sandalwood Eau de Parfum by PHAEDON PARIS: an olfactory journey to the island of Sumba. Enjoy the Sandalwood horses\u2026","og_url":"https:\/\/phaedonparis.com\/en\/phaesus-eau-de-parfum-marine-sandalwood\/","og_site_name":"Phaedon Paris","article_publisher":"https:\/\/www.facebook.com\/phaedonparis","article_modified_time":"2025-04-07T07:21:32+00:00","og_image":[{"width":1024,"height":924,"url":"https:\/\/phaedonparis.com\/app\/uploads\/2025\/03\/Phaedon-Paris-Phaesus-Eau-de-parfum-100ml-Litchee-Frangipanier-Santal-Seve-Bois-Ecume-de-Cheval-Ocean-Header-1024x924.png","type":"image\/png"}],"twitter_card":"summary_large_image","twitter_misc":{"Est. reading time":"3 minutes"},"schema":{"@context":"https:\/\/schema.org","@graph":[{"@type":"WebPage","@id":"https:\/\/phaedonparis.com\/en\/phaesus-eau-de-parfum-marine-sandalwood\/","url":"https:\/\/phaedonparis.com\/en\/phaesus-eau-de-parfum-marine-sandalwood\/","name":"Eau de Parfum Marine Sandalwood, Floral, Animalic I Phaesus","isPartOf":{"@id":"\/#website"},"primaryImageOfPage":{"@id":"https:\/\/phaedonparis.com\/en\/phaesus-eau-de-parfum-marine-sandalwood\/#primaryimage"},"image":{"@id":"https:\/\/phaedonparis.com\/en\/phaesus-eau-de-parfum-marine-sandalwood\/#primaryimage"},"thumbnailUrl":"https:\/\/phaedonparis.com\/app\/uploads\/2025\/03\/Phaedon-Paris-Phaesus-Eau-de-parfum-100ml-Litchee-Frangipanier-Santal-Seve-Bois-Ecume-de-Cheval-Ocean-Header.png","datePublished":"2025-03-13T14:36:03+00:00","dateModified":"2025-04-07T07:21:32+00:00","description":"Phaesus, a marine sandalwood Eau de Parfum by PHAEDON PARIS: an olfactory journey to the island of Sumba. Enjoy the Sandalwood horses\u2026","breadcrumb":{"@id":"https:\/\/phaedonparis.com\/en\/phaesus-eau-de-parfum-marine-sandalwood\/#breadcrumb"},"inLanguage":"en-US","potentialAction":[{"@type":"ReadAction","target":["https:\/\/phaedonparis.com\/en\/phaesus-eau-de-parfum-marine-sandalwood\/"]}]},{"@type":"ImageObject","inLanguage":"en-US","@id":"https:\/\/phaedonparis.com\/en\/phaesus-eau-de-parfum-marine-sandalwood\/#primaryimage","url":"https:\/\/phaedonparis.com\/app\/uploads\/2025\/03\/Phaedon-Paris-Phaesus-Eau-de-parfum-100ml-Litchee-Frangipanier-Santal-Seve-Bois-Ecume-de-Cheval-Ocean-Header.png","contentUrl":"https:\/\/phaedonparis.com\/app\/uploads\/2025\/03\/Phaedon-Paris-Phaesus-Eau-de-parfum-100ml-Litchee-Frangipanier-Santal-Seve-Bois-Ecume-de-Cheval-Ocean-Header.png","width":1663,"height":1500,"caption":"Phaesus, Eau de Parfum, Bouteille - 100ml, Litchee, Frangipanier, Santal, S\u00e8ve & Bois, \u00c9cume de Cheval (transpiration du cheval) & Oc\u00e9an. Header Santal Marin. Phaesus, Eau de Parfum, Bottle - 100ml, Litchee, Frangipani, Sandalwood, Sap & Wood, Horse Foam (horse sweat) & Ocean. Atmosphere Header."},{"@type":"BreadcrumbList","@id":"https:\/\/phaedonparis.com\/en\/phaesus-eau-de-parfum-marine-sandalwood\/#breadcrumb","itemListElement":[{"@type":"ListItem","position":1,"name":"Home","item":"https:\/\/phaedonparis.com\/en\/"},{"@type":"ListItem","position":2,"name":"Phaesus, Eau de Parfum &#8211; An olfactory journey to the island of Sumba"}]},{"@type":"WebSite","@id":"\/#website","url":"\/","name":"Phaedon Paris","description":"","publisher":{"@id":"\/#organization"},"potentialAction":[{"@type":"SearchAction","target":{"@type":"EntryPoint","urlTemplate":"\/?s={search_term_string}"},"query-input":{"@type":"PropertyValueSpecification","valueRequired":true,"valueName":"search_term_string"}}],"inLanguage":"en-US"},{"@type":"Organization","@id":"\/#organization","name":"Phaedon Paris","url":"\/","logo":{"@type":"ImageObject","inLanguage":"en-US","@id":"\/#\/schema\/logo\/image\/","url":"https:\/\/phaedonparis.com\/app\/uploads\/2020\/09\/PHAEDON_BLC-2.png","contentUrl":"https:\/\/phaedonparis.com\/app\/uploads\/2020\/09\/PHAEDON_BLC-2.png","width":600,"height":300,"caption":"Phaedon Paris"},"image":{"@id":"\/#\/schema\/logo\/image\/"},"sameAs":["https:\/\/www.facebook.com\/phaedonparis","https:\/\/www.instagram.com\/phaedonparis\/"]}]}},"_links":{"self":[{"href":"https:\/\/phaedonparis.com\/en\/wp-json\/wp\/v2\/pages\/5332","targetHints":{"allow":["GET"]}}],"collection":[{"href":"https:\/\/phaedonparis.com\/en\/wp-json\/wp\/v2\/pages"}],"about":[{"href":"https:\/\/phaedonparis.com\/en\/wp-json\/wp\/v2\/types\/page"}],"author":[{"embeddable":true,"href":"https:\/\/phaedonparis.com\/en\/wp-json\/wp\/v2\/users\/2"}],"replies":[{"embeddable":true,"href":"https:\/\/phaedonparis.com\/en\/wp-json\/wp\/v2\/comments?post=5332"}],"version-history":[{"count":8,"href":"https:\/\/phaedonparis.com\/en\/wp-json\/wp\/v2\/pages\/5332\/revisions"}],"predecessor-version":[{"id":5465,"href":"https:\/\/phaedonparis.com\/en\/wp-json\/wp\/v2\/pages\/5332\/revisions\/5465"}],"wp:featuredmedia":[{"embeddable":true,"href":"https:\/\/phaedonparis.com\/en\/wp-json\/wp\/v2\/media\/5336"}],"wp:attachment":[{"href":"https:\/\/phaedonparis.com\/en\/wp-json\/wp\/v2\/media?parent=5332"}],"curies":[{"name":"wp","href":"https:\/\/api.w.org\/{rel}","templated":true}]}}