{"id":2477,"date":"2020-09-23T10:28:28","date_gmt":"2020-09-23T08:28:28","guid":{"rendered":"https:\/\/phaedon.exocod.dev\/parfum\/coffret-decouvert\/"},"modified":"2024-11-19T10:27:51","modified_gmt":"2024-11-19T09:27:51","slug":"coffret-decouvert","status":"publish","type":"product","link":"https:\/\/phaedonparis.com\/en\/shop\/coffret-decouvert\/","title":{"rendered":"DISCOVERY SET PHAEDON PARIS"},"content":{"rendered":"<p><strong>The complete collection of PHAEDON PARIS fragrances. 12 Eaux de Toilette and 11 Eaux de Parfum in the form of a 2 ml spray, 46 ml \u00a0in total.\u00a0<\/strong><\/p>\n<p><em><strong>Eaux de Parfum :<\/strong> Antigua, Albizia, Bapt\u00eame Ambr\u00e9, Black V\u00e9tiver, Ciel Immobile, Ilanguara, Mediterraneo, Pure Azure, Rouge Avignon, Sable &amp; Soleil, Tabac Rouge.<\/em><\/p>\n<p><em><strong>Eaux de Toilette :<\/strong> Cendres de Th\u00e9, Coton Egyptien, Double Patchouli, Eau de Concombre, L&#8217;eau de Phaedon, Lentisque, Oliban, Oriental Mint, Paorosa, Pluie de Soleil, Poivre Colonial, Rue des Lilas.<br \/>\n<\/em><\/p>\n","protected":false},"excerpt":{"rendered":"<p><em>Discovery set<br \/>\n<\/em><\/p>\n","protected":false},"featured_media":2396,"template":"","meta":[],"product_brand":[],"product_cat":[161,160],"product_tag":[182,174,184,195,185,190,177,237,191,178,199,201,207,234,210,213,214,292,220,193,224,250,229,206,227,194,230,212,235,236,222,239,241,223,203,208,245,246,248,249,179,189,205,187],"class_list":{"0":"post-2477","1":"product","2":"type-product","3":"status-publish","4":"has-post-thumbnail","6":"product_cat-discovery-set-en","7":"product_cat-perfumes-en","8":"product_tag-amber-en","9":"product_tag-aquatic","10":"product_tag-aromatic-en","11":"product_tag-casual-en","12":"product_tag-cedar-wood-en","13":"product_tag-chocolate-en","14":"product_tag-citrus","15":"product_tag-clean-en","16":"product_tag-cyprus-en","17":"product_tag-delicate-en","18":"product_tag-diffuse-3-en","19":"product_tag-discreet-en","20":"product_tag-enveloping-en","21":"product_tag-exotic-en","22":"product_tag-fig-en","23":"product_tag-floral-en","24":"product_tag-floral-white-en","25":"product_tag-fresh","26":"product_tag-fruity-en","27":"product_tag-full-bodied-en","28":"product_tag-gourmand-en","29":"product_tag-green-en","30":"product_tag-happy-1-en","31":"product_tag-incense-en","32":"product_tag-intense-en","33":"product_tag-leather-en","34":"product_tag-light-en","35":"product_tag-orange-blossom-en","36":"product_tag-patchouli-en","37":"product_tag-powdery-en","38":"product_tag-red-fruit-en","39":"product_tag-resinous-2-en","40":"product_tag-rose-en","41":"product_tag-smoked-en","42":"product_tag-soft-2-en","43":"product_tag-spicy-en","44":"product_tag-sweet-en","45":"product_tag-tobacco-en","46":"product_tag-urban-en","47":"product_tag-vanilla-en","48":"product_tag-vetiver-en","49":"product_tag-warm-en","50":"product_tag-water-en","51":"product_tag-woody-en","53":"first","54":"outofstock","55":"taxable","56":"shipping-taxable","57":"purchasable","58":"product-type-simple"},"acf":[],"yoast_head":"<!-- This site is optimized with the Yoast SEO plugin v24.7 - https:\/\/yoast.com\/wordpress\/plugins\/seo\/ -->\n<title>DISCOVERY SET PHAEDON PARIS - Phaedon Paris<\/title>\n<meta name=\"robots\" content=\"index, follow, max-snippet:-1, max-image-preview:large, max-video-preview:-1\" \/>\n<link rel=\"canonical\" href=\"https:\/\/phaedonparis.com\/en\/shop\/coffret-decouvert\/\" \/>\n<meta property=\"og:locale\" content=\"en_US\" \/>\n<meta property=\"og:type\" content=\"article\" \/>\n<meta property=\"og:title\" content=\"DISCOVERY SET PHAEDON PARIS - Phaedon Paris\" \/>\n<meta property=\"og:description\" content=\"Discovery set\" \/>\n<meta property=\"og:url\" content=\"https:\/\/phaedonparis.com\/en\/shop\/coffret-decouvert\/\" \/>\n<meta property=\"og:site_name\" content=\"Phaedon Paris\" \/>\n<meta property=\"article:publisher\" content=\"https:\/\/www.facebook.com\/phaedonparis\" \/>\n<meta property=\"article:modified_time\" content=\"2024-11-19T09:27:51+00:00\" \/>\n<meta property=\"og:image\" content=\"https:\/\/phaedonparis.com\/app\/uploads\/2020\/09\/COFFRET_100-1.png\" \/>\n\t<meta property=\"og:image:width\" content=\"1200\" \/>\n\t<meta property=\"og:image:height\" content=\"1200\" \/>\n\t<meta property=\"og:image:type\" content=\"image\/png\" \/>\n<meta name=\"twitter:card\" content=\"summary_large_image\" \/>\n<meta name=\"twitter:label1\" content=\"Est. reading time\" \/>\n\t<meta name=\"twitter:data1\" content=\"1 minute\" \/>\n<script type=\"application\/ld+json\" class=\"yoast-schema-graph\">{\"@context\":\"https:\/\/schema.org\",\"@graph\":[{\"@type\":\"WebPage\",\"@id\":\"https:\/\/phaedonparis.com\/en\/shop\/coffret-decouvert\/\",\"url\":\"https:\/\/phaedonparis.com\/en\/shop\/coffret-decouvert\/\",\"name\":\"DISCOVERY SET PHAEDON PARIS - Phaedon Paris\",\"isPartOf\":{\"@id\":\"\/#website\"},\"primaryImageOfPage\":{\"@id\":\"https:\/\/phaedonparis.com\/en\/shop\/coffret-decouvert\/#primaryimage\"},\"image\":{\"@id\":\"https:\/\/phaedonparis.com\/en\/shop\/coffret-decouvert\/#primaryimage\"},\"thumbnailUrl\":\"https:\/\/phaedonparis.com\/app\/uploads\/2020\/09\/COFFRET_100-1.png\",\"datePublished\":\"2020-09-23T08:28:28+00:00\",\"dateModified\":\"2024-11-19T09:27:51+00:00\",\"breadcrumb\":{\"@id\":\"https:\/\/phaedonparis.com\/en\/shop\/coffret-decouvert\/#breadcrumb\"},\"inLanguage\":\"en-US\",\"potentialAction\":[{\"@type\":\"ReadAction\",\"target\":[\"https:\/\/phaedonparis.com\/en\/shop\/coffret-decouvert\/\"]}]},{\"@type\":\"ImageObject\",\"inLanguage\":\"en-US\",\"@id\":\"https:\/\/phaedonparis.com\/en\/shop\/coffret-decouvert\/#primaryimage\",\"url\":\"https:\/\/phaedonparis.com\/app\/uploads\/2020\/09\/COFFRET_100-1.png\",\"contentUrl\":\"https:\/\/phaedonparis.com\/app\/uploads\/2020\/09\/COFFRET_100-1.png\",\"width\":1200,\"height\":1200},{\"@type\":\"BreadcrumbList\",\"@id\":\"https:\/\/phaedonparis.com\/en\/shop\/coffret-decouvert\/#breadcrumb\",\"itemListElement\":[{\"@type\":\"ListItem\",\"position\":1,\"name\":\"Home\",\"item\":\"https:\/\/phaedonparis.com\/en\/\"},{\"@type\":\"ListItem\",\"position\":2,\"name\":\"Shop\",\"item\":\"https:\/\/phaedonparis.com\/en\/shop-perfumes\/\"},{\"@type\":\"ListItem\",\"position\":3,\"name\":\"DISCOVERY SET PHAEDON PARIS\"}]},{\"@type\":\"WebSite\",\"@id\":\"\/#website\",\"url\":\"\/\",\"name\":\"Phaedon Paris\",\"description\":\"\",\"publisher\":{\"@id\":\"\/#organization\"},\"potentialAction\":[{\"@type\":\"SearchAction\",\"target\":{\"@type\":\"EntryPoint\",\"urlTemplate\":\"\/?s={search_term_string}\"},\"query-input\":{\"@type\":\"PropertyValueSpecification\",\"valueRequired\":true,\"valueName\":\"search_term_string\"}}],\"inLanguage\":\"en-US\"},{\"@type\":\"Organization\",\"@id\":\"\/#organization\",\"name\":\"Phaedon Paris\",\"url\":\"\/\",\"logo\":{\"@type\":\"ImageObject\",\"inLanguage\":\"en-US\",\"@id\":\"\/#\/schema\/logo\/image\/\",\"url\":\"https:\/\/phaedonparis.com\/app\/uploads\/2020\/09\/PHAEDON_BLC-2.png\",\"contentUrl\":\"https:\/\/phaedonparis.com\/app\/uploads\/2020\/09\/PHAEDON_BLC-2.png\",\"width\":600,\"height\":300,\"caption\":\"Phaedon Paris\"},\"image\":{\"@id\":\"\/#\/schema\/logo\/image\/\"},\"sameAs\":[\"https:\/\/www.facebook.com\/phaedonparis\",\"https:\/\/www.instagram.com\/phaedonparis\/\"]}]}<\/script>\n<!-- \/ Yoast SEO plugin. -->","yoast_head_json":{"title":"DISCOVERY SET PHAEDON PARIS - Phaedon Paris","robots":{"index":"index","follow":"follow","max-snippet":"max-snippet:-1","max-image-preview":"max-image-preview:large","max-video-preview":"max-video-preview:-1"},"canonical":"https:\/\/phaedonparis.com\/en\/shop\/coffret-decouvert\/","og_locale":"en_US","og_type":"article","og_title":"DISCOVERY SET PHAEDON PARIS - Phaedon Paris","og_description":"Discovery set","og_url":"https:\/\/phaedonparis.com\/en\/shop\/coffret-decouvert\/","og_site_name":"Phaedon Paris","article_publisher":"https:\/\/www.facebook.com\/phaedonparis","article_modified_time":"2024-11-19T09:27:51+00:00","og_image":[{"width":1200,"height":1200,"url":"https:\/\/phaedonparis.com\/app\/uploads\/2020\/09\/COFFRET_100-1.png","type":"image\/png"}],"twitter_card":"summary_large_image","twitter_misc":{"Est. reading time":"1 minute"},"schema":{"@context":"https:\/\/schema.org","@graph":[{"@type":"WebPage","@id":"https:\/\/phaedonparis.com\/en\/shop\/coffret-decouvert\/","url":"https:\/\/phaedonparis.com\/en\/shop\/coffret-decouvert\/","name":"DISCOVERY SET PHAEDON PARIS - Phaedon Paris","isPartOf":{"@id":"\/#website"},"primaryImageOfPage":{"@id":"https:\/\/phaedonparis.com\/en\/shop\/coffret-decouvert\/#primaryimage"},"image":{"@id":"https:\/\/phaedonparis.com\/en\/shop\/coffret-decouvert\/#primaryimage"},"thumbnailUrl":"https:\/\/phaedonparis.com\/app\/uploads\/2020\/09\/COFFRET_100-1.png","datePublished":"2020-09-23T08:28:28+00:00","dateModified":"2024-11-19T09:27:51+00:00","breadcrumb":{"@id":"https:\/\/phaedonparis.com\/en\/shop\/coffret-decouvert\/#breadcrumb"},"inLanguage":"en-US","potentialAction":[{"@type":"ReadAction","target":["https:\/\/phaedonparis.com\/en\/shop\/coffret-decouvert\/"]}]},{"@type":"ImageObject","inLanguage":"en-US","@id":"https:\/\/phaedonparis.com\/en\/shop\/coffret-decouvert\/#primaryimage","url":"https:\/\/phaedonparis.com\/app\/uploads\/2020\/09\/COFFRET_100-1.png","contentUrl":"https:\/\/phaedonparis.com\/app\/uploads\/2020\/09\/COFFRET_100-1.png","width":1200,"height":1200},{"@type":"BreadcrumbList","@id":"https:\/\/phaedonparis.com\/en\/shop\/coffret-decouvert\/#breadcrumb","itemListElement":[{"@type":"ListItem","position":1,"name":"Home","item":"https:\/\/phaedonparis.com\/en\/"},{"@type":"ListItem","position":2,"name":"Shop","item":"https:\/\/phaedonparis.com\/en\/shop-perfumes\/"},{"@type":"ListItem","position":3,"name":"DISCOVERY SET PHAEDON PARIS"}]},{"@type":"WebSite","@id":"\/#website","url":"\/","name":"Phaedon Paris","description":"","publisher":{"@id":"\/#organization"},"potentialAction":[{"@type":"SearchAction","target":{"@type":"EntryPoint","urlTemplate":"\/?s={search_term_string}"},"query-input":{"@type":"PropertyValueSpecification","valueRequired":true,"valueName":"search_term_string"}}],"inLanguage":"en-US"},{"@type":"Organization","@id":"\/#organization","name":"Phaedon Paris","url":"\/","logo":{"@type":"ImageObject","inLanguage":"en-US","@id":"\/#\/schema\/logo\/image\/","url":"https:\/\/phaedonparis.com\/app\/uploads\/2020\/09\/PHAEDON_BLC-2.png","contentUrl":"https:\/\/phaedonparis.com\/app\/uploads\/2020\/09\/PHAEDON_BLC-2.png","width":600,"height":300,"caption":"Phaedon Paris"},"image":{"@id":"\/#\/schema\/logo\/image\/"},"sameAs":["https:\/\/www.facebook.com\/phaedonparis","https:\/\/www.instagram.com\/phaedonparis\/"]}]}},"_links":{"self":[{"href":"https:\/\/phaedonparis.com\/en\/wp-json\/wp\/v2\/product\/2477","targetHints":{"allow":["GET"]}}],"collection":[{"href":"https:\/\/phaedonparis.com\/en\/wp-json\/wp\/v2\/product"}],"about":[{"href":"https:\/\/phaedonparis.com\/en\/wp-json\/wp\/v2\/types\/product"}],"wp:featuredmedia":[{"embeddable":true,"href":"https:\/\/phaedonparis.com\/en\/wp-json\/wp\/v2\/media\/2396"}],"wp:attachment":[{"href":"https:\/\/phaedonparis.com\/en\/wp-json\/wp\/v2\/media?parent=2477"}],"wp:term":[{"taxonomy":"product_brand","embeddable":true,"href":"https:\/\/phaedonparis.com\/en\/wp-json\/wp\/v2\/product_brand?post=2477"},{"taxonomy":"product_cat","embeddable":true,"href":"https:\/\/phaedonparis.com\/en\/wp-json\/wp\/v2\/product_cat?post=2477"},{"taxonomy":"product_tag","embeddable":true,"href":"https:\/\/phaedonparis.com\/en\/wp-json\/wp\/v2\/product_tag?post=2477"}],"curies":[{"name":"wp","href":"https:\/\/api.w.org\/{rel}","templated":true}]}}