{"id":2815,"date":"2020-08-06T13:14:42","date_gmt":"2020-08-06T11:14:42","guid":{"rendered":"https:\/\/phaedon.exocod.dev\/parfum\/reglisse-vetiver-2\/"},"modified":"2020-10-14T12:49:21","modified_gmt":"2020-10-14T10:49:21","slug":"reglisse-vetiver-2","status":"publish","type":"product","link":"https:\/\/phaedonparis.com\/en\/shop\/reglisse-vetiver-2\/","title":{"rendered":"R\u00c9GLISSE &#038; V\u00c9TIVER"},"content":{"rendered":"<p><em><strong>R\u00e9glisse &amp; V\u00e9tiver : The verdant plains of Yunnan<\/strong><\/em><\/p>\n<p>A <em>\u201clicorice wood\u201d<\/em> where the roots of vetiver are adorned with a feminine <em>je-ne-sais-quoi<\/em>. A no-sugar greedy scent that is both refreshing and warm. A balancing act chord giving a touch of fantasy in sophisticated interiors and some memories of childhood.<\/p>\n","protected":false},"excerpt":{"rendered":"<p><em>Room spray 100 ml<\/em><\/p>\n<p>Vetiver, Licorice, Tonka, Alep Pine<\/p>\n<p>&nbsp;<\/p>\n","protected":false},"featured_media":1647,"template":"","meta":[],"product_brand":[],"product_cat":[164,166],"product_tag":[177,199,193,224,250,223,208,179,187],"class_list":{"0":"post-2815","1":"product","2":"type-product","3":"status-publish","4":"has-post-thumbnail","6":"product_cat-home-scents-en","7":"product_cat-room-sprays-en","8":"product_tag-citrus","9":"product_tag-diffuse-3-en","10":"product_tag-full-bodied-en","11":"product_tag-gourmand-en","12":"product_tag-green-en","13":"product_tag-smoked-en","14":"product_tag-spicy-en","15":"product_tag-vetiver-en","16":"product_tag-woody-en","17":"pa_contenance-100-ml","19":"first","20":"instock","21":"taxable","22":"shipping-taxable","23":"purchasable","24":"product-type-simple"},"acf":[],"yoast_head":"<!-- This site is optimized with the Yoast SEO plugin v24.7 - https:\/\/yoast.com\/wordpress\/plugins\/seo\/ -->\n<title>R\u00c9GLISSE &amp; V\u00c9TIVER - Phaedon Paris<\/title>\n<meta name=\"robots\" content=\"index, follow, max-snippet:-1, max-image-preview:large, max-video-preview:-1\" \/>\n<link rel=\"canonical\" href=\"https:\/\/phaedonparis.com\/en\/shop\/reglisse-vetiver-2\/\" \/>\n<meta property=\"og:locale\" content=\"en_US\" \/>\n<meta property=\"og:type\" content=\"article\" \/>\n<meta property=\"og:title\" content=\"R\u00c9GLISSE &amp; V\u00c9TIVER - Phaedon Paris\" \/>\n<meta property=\"og:description\" content=\"Room spray 100 ml  Vetiver, Licorice, Tonka, Alep Pine  &nbsp;\" \/>\n<meta property=\"og:url\" content=\"https:\/\/phaedonparis.com\/en\/shop\/reglisse-vetiver-2\/\" \/>\n<meta property=\"og:site_name\" content=\"Phaedon Paris\" \/>\n<meta property=\"article:publisher\" content=\"https:\/\/www.facebook.com\/phaedonparis\" \/>\n<meta property=\"article:modified_time\" content=\"2020-10-14T10:49:21+00:00\" \/>\n<meta property=\"og:image\" content=\"https:\/\/phaedonparis.com\/app\/uploads\/2020\/08\/REGLISSE_RS100_624x1200.png\" \/>\n\t<meta property=\"og:image:width\" content=\"624\" \/>\n\t<meta property=\"og:image:height\" content=\"1200\" \/>\n\t<meta property=\"og:image:type\" content=\"image\/png\" \/>\n<meta name=\"twitter:card\" content=\"summary_large_image\" \/>\n<script type=\"application\/ld+json\" class=\"yoast-schema-graph\">{\"@context\":\"https:\/\/schema.org\",\"@graph\":[{\"@type\":\"WebPage\",\"@id\":\"https:\/\/phaedonparis.com\/en\/shop\/reglisse-vetiver-2\/\",\"url\":\"https:\/\/phaedonparis.com\/en\/shop\/reglisse-vetiver-2\/\",\"name\":\"R\u00c9GLISSE & V\u00c9TIVER - Phaedon Paris\",\"isPartOf\":{\"@id\":\"\/#website\"},\"primaryImageOfPage\":{\"@id\":\"https:\/\/phaedonparis.com\/en\/shop\/reglisse-vetiver-2\/#primaryimage\"},\"image\":{\"@id\":\"https:\/\/phaedonparis.com\/en\/shop\/reglisse-vetiver-2\/#primaryimage\"},\"thumbnailUrl\":\"https:\/\/phaedonparis.com\/app\/uploads\/2020\/08\/REGLISSE_RS100_624x1200.png\",\"datePublished\":\"2020-08-06T11:14:42+00:00\",\"dateModified\":\"2020-10-14T10:49:21+00:00\",\"breadcrumb\":{\"@id\":\"https:\/\/phaedonparis.com\/en\/shop\/reglisse-vetiver-2\/#breadcrumb\"},\"inLanguage\":\"en-US\",\"potentialAction\":[{\"@type\":\"ReadAction\",\"target\":[\"https:\/\/phaedonparis.com\/en\/shop\/reglisse-vetiver-2\/\"]}]},{\"@type\":\"ImageObject\",\"inLanguage\":\"en-US\",\"@id\":\"https:\/\/phaedonparis.com\/en\/shop\/reglisse-vetiver-2\/#primaryimage\",\"url\":\"https:\/\/phaedonparis.com\/app\/uploads\/2020\/08\/REGLISSE_RS100_624x1200.png\",\"contentUrl\":\"https:\/\/phaedonparis.com\/app\/uploads\/2020\/08\/REGLISSE_RS100_624x1200.png\",\"width\":624,\"height\":1200},{\"@type\":\"BreadcrumbList\",\"@id\":\"https:\/\/phaedonparis.com\/en\/shop\/reglisse-vetiver-2\/#breadcrumb\",\"itemListElement\":[{\"@type\":\"ListItem\",\"position\":1,\"name\":\"Home\",\"item\":\"https:\/\/phaedonparis.com\/en\/\"},{\"@type\":\"ListItem\",\"position\":2,\"name\":\"Shop\",\"item\":\"https:\/\/phaedonparis.com\/en\/shop-perfumes\/\"},{\"@type\":\"ListItem\",\"position\":3,\"name\":\"R\u00c9GLISSE &#038; V\u00c9TIVER\"}]},{\"@type\":\"WebSite\",\"@id\":\"\/#website\",\"url\":\"\/\",\"name\":\"Phaedon Paris\",\"description\":\"\",\"publisher\":{\"@id\":\"\/#organization\"},\"potentialAction\":[{\"@type\":\"SearchAction\",\"target\":{\"@type\":\"EntryPoint\",\"urlTemplate\":\"\/?s={search_term_string}\"},\"query-input\":{\"@type\":\"PropertyValueSpecification\",\"valueRequired\":true,\"valueName\":\"search_term_string\"}}],\"inLanguage\":\"en-US\"},{\"@type\":\"Organization\",\"@id\":\"\/#organization\",\"name\":\"Phaedon Paris\",\"url\":\"\/\",\"logo\":{\"@type\":\"ImageObject\",\"inLanguage\":\"en-US\",\"@id\":\"\/#\/schema\/logo\/image\/\",\"url\":\"https:\/\/phaedonparis.com\/app\/uploads\/2020\/09\/PHAEDON_BLC-2.png\",\"contentUrl\":\"https:\/\/phaedonparis.com\/app\/uploads\/2020\/09\/PHAEDON_BLC-2.png\",\"width\":600,\"height\":300,\"caption\":\"Phaedon Paris\"},\"image\":{\"@id\":\"\/#\/schema\/logo\/image\/\"},\"sameAs\":[\"https:\/\/www.facebook.com\/phaedonparis\",\"https:\/\/www.instagram.com\/phaedonparis\/\"]}]}<\/script>\n<!-- \/ Yoast SEO plugin. -->","yoast_head_json":{"title":"R\u00c9GLISSE & V\u00c9TIVER - Phaedon Paris","robots":{"index":"index","follow":"follow","max-snippet":"max-snippet:-1","max-image-preview":"max-image-preview:large","max-video-preview":"max-video-preview:-1"},"canonical":"https:\/\/phaedonparis.com\/en\/shop\/reglisse-vetiver-2\/","og_locale":"en_US","og_type":"article","og_title":"R\u00c9GLISSE & V\u00c9TIVER - Phaedon Paris","og_description":"Room spray 100 ml  Vetiver, Licorice, Tonka, Alep Pine  &nbsp;","og_url":"https:\/\/phaedonparis.com\/en\/shop\/reglisse-vetiver-2\/","og_site_name":"Phaedon Paris","article_publisher":"https:\/\/www.facebook.com\/phaedonparis","article_modified_time":"2020-10-14T10:49:21+00:00","og_image":[{"width":624,"height":1200,"url":"https:\/\/phaedonparis.com\/app\/uploads\/2020\/08\/REGLISSE_RS100_624x1200.png","type":"image\/png"}],"twitter_card":"summary_large_image","schema":{"@context":"https:\/\/schema.org","@graph":[{"@type":"WebPage","@id":"https:\/\/phaedonparis.com\/en\/shop\/reglisse-vetiver-2\/","url":"https:\/\/phaedonparis.com\/en\/shop\/reglisse-vetiver-2\/","name":"R\u00c9GLISSE & V\u00c9TIVER - Phaedon Paris","isPartOf":{"@id":"\/#website"},"primaryImageOfPage":{"@id":"https:\/\/phaedonparis.com\/en\/shop\/reglisse-vetiver-2\/#primaryimage"},"image":{"@id":"https:\/\/phaedonparis.com\/en\/shop\/reglisse-vetiver-2\/#primaryimage"},"thumbnailUrl":"https:\/\/phaedonparis.com\/app\/uploads\/2020\/08\/REGLISSE_RS100_624x1200.png","datePublished":"2020-08-06T11:14:42+00:00","dateModified":"2020-10-14T10:49:21+00:00","breadcrumb":{"@id":"https:\/\/phaedonparis.com\/en\/shop\/reglisse-vetiver-2\/#breadcrumb"},"inLanguage":"en-US","potentialAction":[{"@type":"ReadAction","target":["https:\/\/phaedonparis.com\/en\/shop\/reglisse-vetiver-2\/"]}]},{"@type":"ImageObject","inLanguage":"en-US","@id":"https:\/\/phaedonparis.com\/en\/shop\/reglisse-vetiver-2\/#primaryimage","url":"https:\/\/phaedonparis.com\/app\/uploads\/2020\/08\/REGLISSE_RS100_624x1200.png","contentUrl":"https:\/\/phaedonparis.com\/app\/uploads\/2020\/08\/REGLISSE_RS100_624x1200.png","width":624,"height":1200},{"@type":"BreadcrumbList","@id":"https:\/\/phaedonparis.com\/en\/shop\/reglisse-vetiver-2\/#breadcrumb","itemListElement":[{"@type":"ListItem","position":1,"name":"Home","item":"https:\/\/phaedonparis.com\/en\/"},{"@type":"ListItem","position":2,"name":"Shop","item":"https:\/\/phaedonparis.com\/en\/shop-perfumes\/"},{"@type":"ListItem","position":3,"name":"R\u00c9GLISSE &#038; V\u00c9TIVER"}]},{"@type":"WebSite","@id":"\/#website","url":"\/","name":"Phaedon Paris","description":"","publisher":{"@id":"\/#organization"},"potentialAction":[{"@type":"SearchAction","target":{"@type":"EntryPoint","urlTemplate":"\/?s={search_term_string}"},"query-input":{"@type":"PropertyValueSpecification","valueRequired":true,"valueName":"search_term_string"}}],"inLanguage":"en-US"},{"@type":"Organization","@id":"\/#organization","name":"Phaedon Paris","url":"\/","logo":{"@type":"ImageObject","inLanguage":"en-US","@id":"\/#\/schema\/logo\/image\/","url":"https:\/\/phaedonparis.com\/app\/uploads\/2020\/09\/PHAEDON_BLC-2.png","contentUrl":"https:\/\/phaedonparis.com\/app\/uploads\/2020\/09\/PHAEDON_BLC-2.png","width":600,"height":300,"caption":"Phaedon Paris"},"image":{"@id":"\/#\/schema\/logo\/image\/"},"sameAs":["https:\/\/www.facebook.com\/phaedonparis","https:\/\/www.instagram.com\/phaedonparis\/"]}]}},"_links":{"self":[{"href":"https:\/\/phaedonparis.com\/en\/wp-json\/wp\/v2\/product\/2815","targetHints":{"allow":["GET"]}}],"collection":[{"href":"https:\/\/phaedonparis.com\/en\/wp-json\/wp\/v2\/product"}],"about":[{"href":"https:\/\/phaedonparis.com\/en\/wp-json\/wp\/v2\/types\/product"}],"wp:featuredmedia":[{"embeddable":true,"href":"https:\/\/phaedonparis.com\/en\/wp-json\/wp\/v2\/media\/1647"}],"wp:attachment":[{"href":"https:\/\/phaedonparis.com\/en\/wp-json\/wp\/v2\/media?parent=2815"}],"wp:term":[{"taxonomy":"product_brand","embeddable":true,"href":"https:\/\/phaedonparis.com\/en\/wp-json\/wp\/v2\/product_brand?post=2815"},{"taxonomy":"product_cat","embeddable":true,"href":"https:\/\/phaedonparis.com\/en\/wp-json\/wp\/v2\/product_cat?post=2815"},{"taxonomy":"product_tag","embeddable":true,"href":"https:\/\/phaedonparis.com\/en\/wp-json\/wp\/v2\/product_tag?post=2815"}],"curies":[{"name":"wp","href":"https:\/\/api.w.org\/{rel}","templated":true}]}}