{"id":4679,"date":"2023-05-04T09:49:17","date_gmt":"2023-05-04T07:49:17","guid":{"rendered":"https:\/\/phaedonparis.com\/shop\/reglisse-vetiver-recharge\/"},"modified":"2023-05-05T11:32:16","modified_gmt":"2023-05-05T09:32:16","slug":"reglisse-vetiver-recharge","status":"publish","type":"product","link":"https:\/\/phaedonparis.com\/en\/shop\/reglisse-vetiver-recharge\/","title":{"rendered":"R\u00c9GLISSE &#038; V\u00c9TIVER"},"content":{"rendered":"<p><em><strong>R\u00e9glisse &amp; V\u00e9tiver : The verdant plains of Yunnan<\/strong><strong><br \/>\n<\/strong><\/em><\/p>\n<p>A <em>\u201clicorice wood\u201d<\/em> where the roots of <a href=\"https:\/\/fr.wikipedia.org\/wiki\/V%C3%A9tiver\">vetiver<\/a> are adorned with a feminine <em>je-ne-sais-quoi<\/em>. A no-sugar greedy scent that is both refreshing and warm. A balancing act chord giving a touch of fantasy in sophisticated interiors and some memories of childhood.<\/p>\n<p><em><a href=\"https:\/\/phaedonparis.com\/en\/perfume-facette\/vetiver-en\/\">Vetiver<\/a>, <a href=\"https:\/\/phaedonparis.com\/en\/perfume-facette\/gourmand-en\/\">Licorice<\/a>, <a href=\"https:\/\/phaedonparis.com\/en\/perfume-facette\/full-bodied-en\/\">Tonka<\/a>, <a href=\"https:\/\/phaedonparis.com\/en\/perfume-facette\/woody-en\/\">Alep Pine<\/a><\/em><\/p>\n","protected":false},"excerpt":{"rendered":"<div class=\"woocommerce-product-details__short-description\">\n<p><em>Refill for Diffusers 250 ml<br \/>\n56% Vol.<br \/>\n<\/em><\/p>\n<p>Vetiver, Licorice, Tonka, Alep Pine<\/p>\n<\/div>\n","protected":false},"featured_media":4616,"template":"","meta":[],"product_brand":[],"product_cat":[164,291],"product_tag":[177,199,292,193,224,250,223,208,179,187],"class_list":{"0":"post-4679","1":"product","2":"type-product","3":"status-publish","4":"has-post-thumbnail","6":"product_cat-home-scents-en","7":"product_cat-refills-diffusers","8":"product_tag-citrus","9":"product_tag-diffuse-3-en","10":"product_tag-fresh","11":"product_tag-full-bodied-en","12":"product_tag-gourmand-en","13":"product_tag-green-en","14":"product_tag-smoked-en","15":"product_tag-spicy-en","16":"product_tag-vetiver-en","17":"product_tag-woody-en","19":"first","20":"instock","21":"taxable","22":"shipping-taxable","23":"purchasable","24":"product-type-simple"},"acf":[],"yoast_head":"<!-- This site is optimized with the Yoast SEO plugin v24.7 - https:\/\/yoast.com\/wordpress\/plugins\/seo\/ -->\n<title>R\u00e9glisse &amp; V\u00e9tiver Refill, Vetiver, Licorice, Tonka and Aleppo Pine<\/title>\n<meta name=\"description\" content=\"Discover R\u00e9glisse &amp; V\u00e9tiver, refill for home diffuser with rattan sticks, in 250 ml bottle by Phaedon Paris, Parfumeur voyageur.\" \/>\n<meta name=\"robots\" content=\"index, follow, max-snippet:-1, max-image-preview:large, max-video-preview:-1\" \/>\n<link rel=\"canonical\" href=\"https:\/\/phaedonparis.com\/en\/shop\/reglisse-vetiver-recharge\/\" \/>\n<meta property=\"og:locale\" content=\"en_US\" \/>\n<meta property=\"og:type\" content=\"article\" \/>\n<meta property=\"og:title\" content=\"R\u00e9glisse &amp; V\u00e9tiver Refill, Vetiver, Licorice, Tonka and Aleppo Pine\" \/>\n<meta property=\"og:description\" content=\"Discover R\u00e9glisse &amp; V\u00e9tiver, refill for home diffuser with rattan sticks, in 250 ml bottle by Phaedon Paris, Parfumeur voyageur.\" \/>\n<meta property=\"og:url\" content=\"https:\/\/phaedonparis.com\/en\/shop\/reglisse-vetiver-recharge\/\" \/>\n<meta property=\"og:site_name\" content=\"Phaedon Paris\" \/>\n<meta property=\"article:publisher\" content=\"https:\/\/www.facebook.com\/phaedonparis\" \/>\n<meta property=\"article:modified_time\" content=\"2023-05-05T09:32:16+00:00\" \/>\n<meta property=\"og:image\" content=\"https:\/\/phaedonparis.com\/app\/uploads\/2023\/05\/Phaedon-Paris-Reglisse-et-Vetiver-Recharge-Diffuseur-Parfum-Interieur-Bouteille-250ml.webp\" \/>\n\t<meta property=\"og:image:width\" content=\"625\" \/>\n\t<meta property=\"og:image:height\" content=\"1200\" \/>\n\t<meta property=\"og:image:type\" content=\"image\/webp\" \/>\n<meta name=\"twitter:card\" content=\"summary_large_image\" \/>\n<meta name=\"twitter:label1\" content=\"Est. reading time\" \/>\n\t<meta name=\"twitter:data1\" content=\"1 minute\" \/>\n<script type=\"application\/ld+json\" class=\"yoast-schema-graph\">{\"@context\":\"https:\/\/schema.org\",\"@graph\":[{\"@type\":\"WebPage\",\"@id\":\"https:\/\/phaedonparis.com\/en\/shop\/reglisse-vetiver-recharge\/\",\"url\":\"https:\/\/phaedonparis.com\/en\/shop\/reglisse-vetiver-recharge\/\",\"name\":\"R\u00e9glisse & V\u00e9tiver Refill, Vetiver, Licorice, Tonka and Aleppo Pine\",\"isPartOf\":{\"@id\":\"\/#website\"},\"primaryImageOfPage\":{\"@id\":\"https:\/\/phaedonparis.com\/en\/shop\/reglisse-vetiver-recharge\/#primaryimage\"},\"image\":{\"@id\":\"https:\/\/phaedonparis.com\/en\/shop\/reglisse-vetiver-recharge\/#primaryimage\"},\"thumbnailUrl\":\"https:\/\/phaedonparis.com\/app\/uploads\/2023\/05\/Phaedon-Paris-Reglisse-et-Vetiver-Recharge-Diffuseur-Parfum-Interieur-Bouteille-250ml.webp\",\"datePublished\":\"2023-05-04T07:49:17+00:00\",\"dateModified\":\"2023-05-05T09:32:16+00:00\",\"description\":\"Discover R\u00e9glisse & V\u00e9tiver, refill for home diffuser with rattan sticks, in 250 ml bottle by Phaedon Paris, Parfumeur voyageur.\",\"breadcrumb\":{\"@id\":\"https:\/\/phaedonparis.com\/en\/shop\/reglisse-vetiver-recharge\/#breadcrumb\"},\"inLanguage\":\"en-US\",\"potentialAction\":[{\"@type\":\"ReadAction\",\"target\":[\"https:\/\/phaedonparis.com\/en\/shop\/reglisse-vetiver-recharge\/\"]}]},{\"@type\":\"ImageObject\",\"inLanguage\":\"en-US\",\"@id\":\"https:\/\/phaedonparis.com\/en\/shop\/reglisse-vetiver-recharge\/#primaryimage\",\"url\":\"https:\/\/phaedonparis.com\/app\/uploads\/2023\/05\/Phaedon-Paris-Reglisse-et-Vetiver-Recharge-Diffuseur-Parfum-Interieur-Bouteille-250ml.webp\",\"contentUrl\":\"https:\/\/phaedonparis.com\/app\/uploads\/2023\/05\/Phaedon-Paris-Reglisse-et-Vetiver-Recharge-Diffuseur-Parfum-Interieur-Bouteille-250ml.webp\",\"width\":625,\"height\":1200,\"caption\":\"R\u00e9glisse & V\u00e9tiver, Refill for diffusers, Vetiver, Licorice, Tonka, Alep Pine\"},{\"@type\":\"BreadcrumbList\",\"@id\":\"https:\/\/phaedonparis.com\/en\/shop\/reglisse-vetiver-recharge\/#breadcrumb\",\"itemListElement\":[{\"@type\":\"ListItem\",\"position\":1,\"name\":\"Home\",\"item\":\"https:\/\/phaedonparis.com\/en\/\"},{\"@type\":\"ListItem\",\"position\":2,\"name\":\"Shop\",\"item\":\"https:\/\/phaedonparis.com\/en\/shop-perfumes\/\"},{\"@type\":\"ListItem\",\"position\":3,\"name\":\"R\u00c9GLISSE &#038; V\u00c9TIVER\"}]},{\"@type\":\"WebSite\",\"@id\":\"\/#website\",\"url\":\"\/\",\"name\":\"Phaedon Paris\",\"description\":\"\",\"publisher\":{\"@id\":\"\/#organization\"},\"potentialAction\":[{\"@type\":\"SearchAction\",\"target\":{\"@type\":\"EntryPoint\",\"urlTemplate\":\"\/?s={search_term_string}\"},\"query-input\":{\"@type\":\"PropertyValueSpecification\",\"valueRequired\":true,\"valueName\":\"search_term_string\"}}],\"inLanguage\":\"en-US\"},{\"@type\":\"Organization\",\"@id\":\"\/#organization\",\"name\":\"Phaedon Paris\",\"url\":\"\/\",\"logo\":{\"@type\":\"ImageObject\",\"inLanguage\":\"en-US\",\"@id\":\"\/#\/schema\/logo\/image\/\",\"url\":\"https:\/\/phaedonparis.com\/app\/uploads\/2020\/09\/PHAEDON_BLC-2.png\",\"contentUrl\":\"https:\/\/phaedonparis.com\/app\/uploads\/2020\/09\/PHAEDON_BLC-2.png\",\"width\":600,\"height\":300,\"caption\":\"Phaedon Paris\"},\"image\":{\"@id\":\"\/#\/schema\/logo\/image\/\"},\"sameAs\":[\"https:\/\/www.facebook.com\/phaedonparis\",\"https:\/\/www.instagram.com\/phaedonparis\/\"]}]}<\/script>\n<!-- \/ Yoast SEO plugin. -->","yoast_head_json":{"title":"R\u00e9glisse & V\u00e9tiver Refill, Vetiver, Licorice, Tonka and Aleppo Pine","description":"Discover R\u00e9glisse & V\u00e9tiver, refill for home diffuser with rattan sticks, in 250 ml bottle by Phaedon Paris, Parfumeur voyageur.","robots":{"index":"index","follow":"follow","max-snippet":"max-snippet:-1","max-image-preview":"max-image-preview:large","max-video-preview":"max-video-preview:-1"},"canonical":"https:\/\/phaedonparis.com\/en\/shop\/reglisse-vetiver-recharge\/","og_locale":"en_US","og_type":"article","og_title":"R\u00e9glisse & V\u00e9tiver Refill, Vetiver, Licorice, Tonka and Aleppo Pine","og_description":"Discover R\u00e9glisse & V\u00e9tiver, refill for home diffuser with rattan sticks, in 250 ml bottle by Phaedon Paris, Parfumeur voyageur.","og_url":"https:\/\/phaedonparis.com\/en\/shop\/reglisse-vetiver-recharge\/","og_site_name":"Phaedon Paris","article_publisher":"https:\/\/www.facebook.com\/phaedonparis","article_modified_time":"2023-05-05T09:32:16+00:00","og_image":[{"width":625,"height":1200,"url":"https:\/\/phaedonparis.com\/app\/uploads\/2023\/05\/Phaedon-Paris-Reglisse-et-Vetiver-Recharge-Diffuseur-Parfum-Interieur-Bouteille-250ml.webp","type":"image\/webp"}],"twitter_card":"summary_large_image","twitter_misc":{"Est. reading time":"1 minute"},"schema":{"@context":"https:\/\/schema.org","@graph":[{"@type":"WebPage","@id":"https:\/\/phaedonparis.com\/en\/shop\/reglisse-vetiver-recharge\/","url":"https:\/\/phaedonparis.com\/en\/shop\/reglisse-vetiver-recharge\/","name":"R\u00e9glisse & V\u00e9tiver Refill, Vetiver, Licorice, Tonka and Aleppo Pine","isPartOf":{"@id":"\/#website"},"primaryImageOfPage":{"@id":"https:\/\/phaedonparis.com\/en\/shop\/reglisse-vetiver-recharge\/#primaryimage"},"image":{"@id":"https:\/\/phaedonparis.com\/en\/shop\/reglisse-vetiver-recharge\/#primaryimage"},"thumbnailUrl":"https:\/\/phaedonparis.com\/app\/uploads\/2023\/05\/Phaedon-Paris-Reglisse-et-Vetiver-Recharge-Diffuseur-Parfum-Interieur-Bouteille-250ml.webp","datePublished":"2023-05-04T07:49:17+00:00","dateModified":"2023-05-05T09:32:16+00:00","description":"Discover R\u00e9glisse & V\u00e9tiver, refill for home diffuser with rattan sticks, in 250 ml bottle by Phaedon Paris, Parfumeur voyageur.","breadcrumb":{"@id":"https:\/\/phaedonparis.com\/en\/shop\/reglisse-vetiver-recharge\/#breadcrumb"},"inLanguage":"en-US","potentialAction":[{"@type":"ReadAction","target":["https:\/\/phaedonparis.com\/en\/shop\/reglisse-vetiver-recharge\/"]}]},{"@type":"ImageObject","inLanguage":"en-US","@id":"https:\/\/phaedonparis.com\/en\/shop\/reglisse-vetiver-recharge\/#primaryimage","url":"https:\/\/phaedonparis.com\/app\/uploads\/2023\/05\/Phaedon-Paris-Reglisse-et-Vetiver-Recharge-Diffuseur-Parfum-Interieur-Bouteille-250ml.webp","contentUrl":"https:\/\/phaedonparis.com\/app\/uploads\/2023\/05\/Phaedon-Paris-Reglisse-et-Vetiver-Recharge-Diffuseur-Parfum-Interieur-Bouteille-250ml.webp","width":625,"height":1200,"caption":"R\u00e9glisse & V\u00e9tiver, Refill for diffusers, Vetiver, Licorice, Tonka, Alep Pine"},{"@type":"BreadcrumbList","@id":"https:\/\/phaedonparis.com\/en\/shop\/reglisse-vetiver-recharge\/#breadcrumb","itemListElement":[{"@type":"ListItem","position":1,"name":"Home","item":"https:\/\/phaedonparis.com\/en\/"},{"@type":"ListItem","position":2,"name":"Shop","item":"https:\/\/phaedonparis.com\/en\/shop-perfumes\/"},{"@type":"ListItem","position":3,"name":"R\u00c9GLISSE &#038; V\u00c9TIVER"}]},{"@type":"WebSite","@id":"\/#website","url":"\/","name":"Phaedon Paris","description":"","publisher":{"@id":"\/#organization"},"potentialAction":[{"@type":"SearchAction","target":{"@type":"EntryPoint","urlTemplate":"\/?s={search_term_string}"},"query-input":{"@type":"PropertyValueSpecification","valueRequired":true,"valueName":"search_term_string"}}],"inLanguage":"en-US"},{"@type":"Organization","@id":"\/#organization","name":"Phaedon Paris","url":"\/","logo":{"@type":"ImageObject","inLanguage":"en-US","@id":"\/#\/schema\/logo\/image\/","url":"https:\/\/phaedonparis.com\/app\/uploads\/2020\/09\/PHAEDON_BLC-2.png","contentUrl":"https:\/\/phaedonparis.com\/app\/uploads\/2020\/09\/PHAEDON_BLC-2.png","width":600,"height":300,"caption":"Phaedon Paris"},"image":{"@id":"\/#\/schema\/logo\/image\/"},"sameAs":["https:\/\/www.facebook.com\/phaedonparis","https:\/\/www.instagram.com\/phaedonparis\/"]}]}},"_links":{"self":[{"href":"https:\/\/phaedonparis.com\/en\/wp-json\/wp\/v2\/product\/4679","targetHints":{"allow":["GET"]}}],"collection":[{"href":"https:\/\/phaedonparis.com\/en\/wp-json\/wp\/v2\/product"}],"about":[{"href":"https:\/\/phaedonparis.com\/en\/wp-json\/wp\/v2\/types\/product"}],"wp:featuredmedia":[{"embeddable":true,"href":"https:\/\/phaedonparis.com\/en\/wp-json\/wp\/v2\/media\/4616"}],"wp:attachment":[{"href":"https:\/\/phaedonparis.com\/en\/wp-json\/wp\/v2\/media?parent=4679"}],"wp:term":[{"taxonomy":"product_brand","embeddable":true,"href":"https:\/\/phaedonparis.com\/en\/wp-json\/wp\/v2\/product_brand?post=4679"},{"taxonomy":"product_cat","embeddable":true,"href":"https:\/\/phaedonparis.com\/en\/wp-json\/wp\/v2\/product_cat?post=4679"},{"taxonomy":"product_tag","embeddable":true,"href":"https:\/\/phaedonparis.com\/en\/wp-json\/wp\/v2\/product_tag?post=4679"}],"curies":[{"name":"wp","href":"https:\/\/api.w.org\/{rel}","templated":true}]}}