{"id":5314,"date":"2025-03-12T16:39:23","date_gmt":"2025-03-12T15:39:23","guid":{"rendered":"https:\/\/phaedonparis.com\/?post_type=product&#038;p=5314"},"modified":"2025-04-07T13:35:47","modified_gmt":"2025-04-07T11:35:47","slug":"phaesus-marine-sandalwood-eau-de-parfum","status":"publish","type":"product","link":"https:\/\/phaedonparis.com\/en\/shop\/phaesus-marine-sandalwood-eau-de-parfum\/","title":{"rendered":"PHAESUS"},"content":{"rendered":"<p><em>Floral Woody, Marine, Slightly Animalic<\/em><\/p>\n<p><strong>Inspiration: <\/strong>Facing the Indian Ocean, the island of <a href=\"https:\/\/fr.wikipedia.org\/wiki\/Sumba_(Indon%C3%A9sie)\"><strong>Sumba<\/strong><\/a> located near the island of Komodo, in the province of the Lesser Sunda Islands, has been known for centuries as <strong>the island of sandalwood<\/strong>. The island is home to <a href=\"https:\/\/fr.wikipedia.org\/wiki\/Sandalwood_(cheval)\"><strong>one of Indonesia&#8217;s most beautiful breeds of horse<\/strong><\/a>: the <strong>Sumba<\/strong>, also known as the <strong>Sandalwood Pony<\/strong>. At dawn or sunset, beyond the lush vegetation of the <strong>frangipani<\/strong>-lined Indonesian jungle, the beach at Nihiwatu becomes the playground of the Sumba horses. At the end of their wild runs they love to cool off in the water and under the effect of the swell, their hooves leave the ground, they then begin to swim in the ocean offering mankind a timeless spectacle.<\/p>\n<p><strong>The name:<\/strong> <strong>PHAE<\/strong>DON + <strong>SU<\/strong>MBA + <strong>S<\/strong>ANDALWOOD<\/p>\n<p><strong>The notes:\u00a0<\/strong><em><a href=\"https:\/\/phaedonparis.com\/en\/perfume-facette\/exotic-en\/\">Litchee<\/a>, Frangipani flower, <a href=\"https:\/\/phaedonparis.com\/en\/perfume-facette\/sandalwood-en\/\">Sandalwood<\/a>, Sap &amp; <a href=\"https:\/\/phaedonparis.com\/en\/perfume-facette\/intense-en\/\">Wood<\/a>, E<a href=\"https:\/\/phaedonparis.com\/en\/perfume-facette\/animal-en\/\">cume (seafoam) de Cheval<\/a> (literally \u201chorse foam\u201d means \u201chorse sweat perspiration\u201d), a slightkly animalic, <a href=\"https:\/\/phaedonparis.com\/en\/perfume-facette\/aquatic\/\">salty<\/a> and horse\u2019s mane like note.<\/em><\/p>\n<p><em><a href=\"https:\/\/phaedonparis.com\/en\/phaesus-eau-de-parfum-marine-sandalwood\/\"><strong>To go further\u2026<\/strong><\/a><\/em><\/p>\n","protected":false},"excerpt":{"rendered":"<p><em>Eau de parfum<\/em><\/p>\n<p>Litchee, Frangipani flower, Sandalwood, Sap &amp; Wood, Ecume (seafoam) de Cheval (literally \u201chorse foam\u201d means \u201chorse sweat perspiration\u201d), a slightkly animalic, salty and horse\u2019s mane like note.<\/p>\n","protected":false},"featured_media":5326,"template":"","meta":[],"product_brand":[],"product_cat":[162,160],"product_tag":[183,174,234,293,292,227,168,186],"class_list":{"0":"post-5314","1":"product","2":"type-product","3":"status-publish","4":"has-post-thumbnail","6":"product_cat-eaux-de-parfum-pheadon-paris-en","7":"product_cat-perfumes-en","8":"product_tag-animal-en","9":"product_tag-aquatic","10":"product_tag-exotic-en","11":"product_tag-floral-soft-en","12":"product_tag-fresh","13":"product_tag-intense-en","14":"product_tag-salt-en","15":"product_tag-sandalwood-en","16":"pa_contenance-100-ml","17":"pa_contenance-50-ml","19":"first","20":"instock","21":"taxable","22":"shipping-taxable","23":"purchasable","24":"product-type-variable"},"acf":[],"yoast_head":"<!-- This site is optimized with the Yoast SEO plugin v24.7 - https:\/\/yoast.com\/wordpress\/plugins\/seo\/ -->\n<title>Marine Sandalwood Eau de Parfum I Phaesus, Floral, Animalic.<\/title>\n<meta name=\"description\" content=\"Phaesus, a marine sandalwood Eau de Parfum by PHAEDON PARIS: an olfactory journey to the island of Sumba. A sea sandalwood, as animalised as horse foam.\" \/>\n<meta name=\"robots\" content=\"index, follow, max-snippet:-1, max-image-preview:large, max-video-preview:-1\" \/>\n<link rel=\"canonical\" href=\"https:\/\/phaedonparis.com\/en\/shop\/phaesus-marine-sandalwood-eau-de-parfum\/\" \/>\n<meta property=\"og:locale\" content=\"en_US\" \/>\n<meta property=\"og:type\" content=\"article\" \/>\n<meta property=\"og:title\" content=\"Marine Sandalwood Eau de Parfum I Phaesus, Floral, Animalic.\" \/>\n<meta property=\"og:description\" content=\"Phaesus, a marine sandalwood Eau de Parfum by PHAEDON PARIS: an olfactory journey to the island of Sumba. A sea sandalwood, as animalised as horse foam.\" \/>\n<meta property=\"og:url\" content=\"https:\/\/phaedonparis.com\/en\/shop\/phaesus-marine-sandalwood-eau-de-parfum\/\" \/>\n<meta property=\"og:site_name\" content=\"Phaedon Paris\" \/>\n<meta property=\"article:publisher\" content=\"https:\/\/www.facebook.com\/phaedonparis\" \/>\n<meta property=\"article:modified_time\" content=\"2025-04-07T11:35:47+00:00\" \/>\n<meta property=\"og:image\" content=\"https:\/\/phaedonparis.com\/app\/uploads\/2025\/03\/Phaedon-Paris-Phaesus-Eau-de-parfum-100ml-Litchee-Frangipanier-Santal-Seve-Bois-Ecume-de-Cheval-Ocean.png\" \/>\n\t<meta property=\"og:image:width\" content=\"624\" \/>\n\t<meta property=\"og:image:height\" content=\"1200\" \/>\n\t<meta property=\"og:image:type\" content=\"image\/png\" \/>\n<meta name=\"twitter:card\" content=\"summary_large_image\" \/>\n<meta name=\"twitter:label1\" content=\"Est. reading time\" \/>\n\t<meta name=\"twitter:data1\" content=\"2 minutes\" \/>\n<script type=\"application\/ld+json\" class=\"yoast-schema-graph\">{\"@context\":\"https:\/\/schema.org\",\"@graph\":[{\"@type\":\"WebPage\",\"@id\":\"https:\/\/phaedonparis.com\/en\/shop\/phaesus-marine-sandalwood-eau-de-parfum\/\",\"url\":\"https:\/\/phaedonparis.com\/en\/shop\/phaesus-marine-sandalwood-eau-de-parfum\/\",\"name\":\"Marine Sandalwood Eau de Parfum I Phaesus, Floral, Animalic.\",\"isPartOf\":{\"@id\":\"\/#website\"},\"primaryImageOfPage\":{\"@id\":\"https:\/\/phaedonparis.com\/en\/shop\/phaesus-marine-sandalwood-eau-de-parfum\/#primaryimage\"},\"image\":{\"@id\":\"https:\/\/phaedonparis.com\/en\/shop\/phaesus-marine-sandalwood-eau-de-parfum\/#primaryimage\"},\"thumbnailUrl\":\"https:\/\/phaedonparis.com\/app\/uploads\/2025\/03\/Phaedon-Paris-Phaesus-Eau-de-parfum-100ml-Litchee-Frangipanier-Santal-Seve-Bois-Ecume-de-Cheval-Ocean.png\",\"datePublished\":\"2025-03-12T15:39:23+00:00\",\"dateModified\":\"2025-04-07T11:35:47+00:00\",\"description\":\"Phaesus, a marine sandalwood Eau de Parfum by PHAEDON PARIS: an olfactory journey to the island of Sumba. A sea sandalwood, as animalised as horse foam.\",\"breadcrumb\":{\"@id\":\"https:\/\/phaedonparis.com\/en\/shop\/phaesus-marine-sandalwood-eau-de-parfum\/#breadcrumb\"},\"inLanguage\":\"en-US\",\"potentialAction\":[{\"@type\":\"ReadAction\",\"target\":[\"https:\/\/phaedonparis.com\/en\/shop\/phaesus-marine-sandalwood-eau-de-parfum\/\"]}]},{\"@type\":\"ImageObject\",\"inLanguage\":\"en-US\",\"@id\":\"https:\/\/phaedonparis.com\/en\/shop\/phaesus-marine-sandalwood-eau-de-parfum\/#primaryimage\",\"url\":\"https:\/\/phaedonparis.com\/app\/uploads\/2025\/03\/Phaedon-Paris-Phaesus-Eau-de-parfum-100ml-Litchee-Frangipanier-Santal-Seve-Bois-Ecume-de-Cheval-Ocean.png\",\"contentUrl\":\"https:\/\/phaedonparis.com\/app\/uploads\/2025\/03\/Phaedon-Paris-Phaesus-Eau-de-parfum-100ml-Litchee-Frangipanier-Santal-Seve-Bois-Ecume-de-Cheval-Ocean.png\",\"width\":624,\"height\":1200,\"caption\":\"Phaesus, Eau de Parfum, Bouteille - 100ml, Litchee, Frangipanier, Santal, S\u00e8ve & Bois, \u00c9cume de Cheval (transpiration du cheval) & Oc\u00e9an. Phaesus, Eau de Parfum, Bottle - 100ml, Litchee, Frangipani, Sandalwood, Sap & Wood, Horse Foam (horse sweat) & Ocean.\"},{\"@type\":\"BreadcrumbList\",\"@id\":\"https:\/\/phaedonparis.com\/en\/shop\/phaesus-marine-sandalwood-eau-de-parfum\/#breadcrumb\",\"itemListElement\":[{\"@type\":\"ListItem\",\"position\":1,\"name\":\"Home\",\"item\":\"https:\/\/phaedonparis.com\/en\/\"},{\"@type\":\"ListItem\",\"position\":2,\"name\":\"Shop\",\"item\":\"https:\/\/phaedonparis.com\/en\/shop-perfumes\/\"},{\"@type\":\"ListItem\",\"position\":3,\"name\":\"PHAESUS\"}]},{\"@type\":\"WebSite\",\"@id\":\"\/#website\",\"url\":\"\/\",\"name\":\"Phaedon Paris\",\"description\":\"\",\"publisher\":{\"@id\":\"\/#organization\"},\"potentialAction\":[{\"@type\":\"SearchAction\",\"target\":{\"@type\":\"EntryPoint\",\"urlTemplate\":\"\/?s={search_term_string}\"},\"query-input\":{\"@type\":\"PropertyValueSpecification\",\"valueRequired\":true,\"valueName\":\"search_term_string\"}}],\"inLanguage\":\"en-US\"},{\"@type\":\"Organization\",\"@id\":\"\/#organization\",\"name\":\"Phaedon Paris\",\"url\":\"\/\",\"logo\":{\"@type\":\"ImageObject\",\"inLanguage\":\"en-US\",\"@id\":\"\/#\/schema\/logo\/image\/\",\"url\":\"https:\/\/phaedonparis.com\/app\/uploads\/2020\/09\/PHAEDON_BLC-2.png\",\"contentUrl\":\"https:\/\/phaedonparis.com\/app\/uploads\/2020\/09\/PHAEDON_BLC-2.png\",\"width\":600,\"height\":300,\"caption\":\"Phaedon Paris\"},\"image\":{\"@id\":\"\/#\/schema\/logo\/image\/\"},\"sameAs\":[\"https:\/\/www.facebook.com\/phaedonparis\",\"https:\/\/www.instagram.com\/phaedonparis\/\"]}]}<\/script>\n<!-- \/ Yoast SEO plugin. -->","yoast_head_json":{"title":"Marine Sandalwood Eau de Parfum I Phaesus, Floral, Animalic.","description":"Phaesus, a marine sandalwood Eau de Parfum by PHAEDON PARIS: an olfactory journey to the island of Sumba. A sea sandalwood, as animalised as horse foam.","robots":{"index":"index","follow":"follow","max-snippet":"max-snippet:-1","max-image-preview":"max-image-preview:large","max-video-preview":"max-video-preview:-1"},"canonical":"https:\/\/phaedonparis.com\/en\/shop\/phaesus-marine-sandalwood-eau-de-parfum\/","og_locale":"en_US","og_type":"article","og_title":"Marine Sandalwood Eau de Parfum I Phaesus, Floral, Animalic.","og_description":"Phaesus, a marine sandalwood Eau de Parfum by PHAEDON PARIS: an olfactory journey to the island of Sumba. A sea sandalwood, as animalised as horse foam.","og_url":"https:\/\/phaedonparis.com\/en\/shop\/phaesus-marine-sandalwood-eau-de-parfum\/","og_site_name":"Phaedon Paris","article_publisher":"https:\/\/www.facebook.com\/phaedonparis","article_modified_time":"2025-04-07T11:35:47+00:00","og_image":[{"width":624,"height":1200,"url":"https:\/\/phaedonparis.com\/app\/uploads\/2025\/03\/Phaedon-Paris-Phaesus-Eau-de-parfum-100ml-Litchee-Frangipanier-Santal-Seve-Bois-Ecume-de-Cheval-Ocean.png","type":"image\/png"}],"twitter_card":"summary_large_image","twitter_misc":{"Est. reading time":"2 minutes"},"schema":{"@context":"https:\/\/schema.org","@graph":[{"@type":"WebPage","@id":"https:\/\/phaedonparis.com\/en\/shop\/phaesus-marine-sandalwood-eau-de-parfum\/","url":"https:\/\/phaedonparis.com\/en\/shop\/phaesus-marine-sandalwood-eau-de-parfum\/","name":"Marine Sandalwood Eau de Parfum I Phaesus, Floral, Animalic.","isPartOf":{"@id":"\/#website"},"primaryImageOfPage":{"@id":"https:\/\/phaedonparis.com\/en\/shop\/phaesus-marine-sandalwood-eau-de-parfum\/#primaryimage"},"image":{"@id":"https:\/\/phaedonparis.com\/en\/shop\/phaesus-marine-sandalwood-eau-de-parfum\/#primaryimage"},"thumbnailUrl":"https:\/\/phaedonparis.com\/app\/uploads\/2025\/03\/Phaedon-Paris-Phaesus-Eau-de-parfum-100ml-Litchee-Frangipanier-Santal-Seve-Bois-Ecume-de-Cheval-Ocean.png","datePublished":"2025-03-12T15:39:23+00:00","dateModified":"2025-04-07T11:35:47+00:00","description":"Phaesus, a marine sandalwood Eau de Parfum by PHAEDON PARIS: an olfactory journey to the island of Sumba. A sea sandalwood, as animalised as horse foam.","breadcrumb":{"@id":"https:\/\/phaedonparis.com\/en\/shop\/phaesus-marine-sandalwood-eau-de-parfum\/#breadcrumb"},"inLanguage":"en-US","potentialAction":[{"@type":"ReadAction","target":["https:\/\/phaedonparis.com\/en\/shop\/phaesus-marine-sandalwood-eau-de-parfum\/"]}]},{"@type":"ImageObject","inLanguage":"en-US","@id":"https:\/\/phaedonparis.com\/en\/shop\/phaesus-marine-sandalwood-eau-de-parfum\/#primaryimage","url":"https:\/\/phaedonparis.com\/app\/uploads\/2025\/03\/Phaedon-Paris-Phaesus-Eau-de-parfum-100ml-Litchee-Frangipanier-Santal-Seve-Bois-Ecume-de-Cheval-Ocean.png","contentUrl":"https:\/\/phaedonparis.com\/app\/uploads\/2025\/03\/Phaedon-Paris-Phaesus-Eau-de-parfum-100ml-Litchee-Frangipanier-Santal-Seve-Bois-Ecume-de-Cheval-Ocean.png","width":624,"height":1200,"caption":"Phaesus, Eau de Parfum, Bouteille - 100ml, Litchee, Frangipanier, Santal, S\u00e8ve & Bois, \u00c9cume de Cheval (transpiration du cheval) & Oc\u00e9an. Phaesus, Eau de Parfum, Bottle - 100ml, Litchee, Frangipani, Sandalwood, Sap & Wood, Horse Foam (horse sweat) & Ocean."},{"@type":"BreadcrumbList","@id":"https:\/\/phaedonparis.com\/en\/shop\/phaesus-marine-sandalwood-eau-de-parfum\/#breadcrumb","itemListElement":[{"@type":"ListItem","position":1,"name":"Home","item":"https:\/\/phaedonparis.com\/en\/"},{"@type":"ListItem","position":2,"name":"Shop","item":"https:\/\/phaedonparis.com\/en\/shop-perfumes\/"},{"@type":"ListItem","position":3,"name":"PHAESUS"}]},{"@type":"WebSite","@id":"\/#website","url":"\/","name":"Phaedon Paris","description":"","publisher":{"@id":"\/#organization"},"potentialAction":[{"@type":"SearchAction","target":{"@type":"EntryPoint","urlTemplate":"\/?s={search_term_string}"},"query-input":{"@type":"PropertyValueSpecification","valueRequired":true,"valueName":"search_term_string"}}],"inLanguage":"en-US"},{"@type":"Organization","@id":"\/#organization","name":"Phaedon Paris","url":"\/","logo":{"@type":"ImageObject","inLanguage":"en-US","@id":"\/#\/schema\/logo\/image\/","url":"https:\/\/phaedonparis.com\/app\/uploads\/2020\/09\/PHAEDON_BLC-2.png","contentUrl":"https:\/\/phaedonparis.com\/app\/uploads\/2020\/09\/PHAEDON_BLC-2.png","width":600,"height":300,"caption":"Phaedon Paris"},"image":{"@id":"\/#\/schema\/logo\/image\/"},"sameAs":["https:\/\/www.facebook.com\/phaedonparis","https:\/\/www.instagram.com\/phaedonparis\/"]}]}},"_links":{"self":[{"href":"https:\/\/phaedonparis.com\/en\/wp-json\/wp\/v2\/product\/5314","targetHints":{"allow":["GET"]}}],"collection":[{"href":"https:\/\/phaedonparis.com\/en\/wp-json\/wp\/v2\/product"}],"about":[{"href":"https:\/\/phaedonparis.com\/en\/wp-json\/wp\/v2\/types\/product"}],"wp:featuredmedia":[{"embeddable":true,"href":"https:\/\/phaedonparis.com\/en\/wp-json\/wp\/v2\/media\/5326"}],"wp:attachment":[{"href":"https:\/\/phaedonparis.com\/en\/wp-json\/wp\/v2\/media?parent=5314"}],"wp:term":[{"taxonomy":"product_brand","embeddable":true,"href":"https:\/\/phaedonparis.com\/en\/wp-json\/wp\/v2\/product_brand?post=5314"},{"taxonomy":"product_cat","embeddable":true,"href":"https:\/\/phaedonparis.com\/en\/wp-json\/wp\/v2\/product_cat?post=5314"},{"taxonomy":"product_tag","embeddable":true,"href":"https:\/\/phaedonparis.com\/en\/wp-json\/wp\/v2\/product_tag?post=5314"}],"curies":[{"name":"wp","href":"https:\/\/api.w.org\/{rel}","templated":true}]}}